{"id":161,"date":"2015-10-20T15:43:16","date_gmt":"2015-10-20T15:43:16","guid":{"rendered":"https:\/\/10.0.10.213\/?page_id=161"},"modified":"2017-07-03T20:21:42","modified_gmt":"2017-07-03T19:21:42","slug":"wheel-systems","status":"publish","type":"page","link":"https:\/\/sertalink.com\/nl\/wheel-systems\/","title":{"rendered":"Wheel Systems"},"content":{"rendered":"<p>WHEEL Systems is a leading developer of innovative IT security solutions. We specialize in users authorization and authentication, and monitoring access to corporate networks. Our products combine creativity and ease of use with strong security measures, which has always been our priority when designing new solutions. We are the leading company offering mobile authentication solutions in Poland and one of a few companies offering complex solutions for remote access sessions monitoring and recording. Product offering is supplemented by wide range of services which include implementation, consulting, trainings and technical support.<\/p>\n<p>The company was founded in 2004 as an initiative of experienced IT specialists. Since then, over 100 companies and institutions have put their trust in our solutions. Our clients list include: Play, Allegro, Netia, T-Mobile, Orlen S.A., Euro Bank, Bank BGK, S\u0142u\u017cba Kontrwywiadu Wojskowego, Najwy\u017csza Izba Kontroli, GTS Energis, Asseco Business Solutions S.A., COMARCH S.A, COMP S.A. (more information in the <em>clients<\/em> tab).<\/p>\n<p>Our products are distributed by the biggest system integrators and complex IT solution providers in Poland.<\/p>\n<p style=\"text-align: center;\"><a href=\"https:\/\/sertalink.com\/wp-content\/uploads\/2015\/10\/ws-logo.png\"><img loading=\"lazy\" decoding=\"async\" class=\"aligncenter size-thumbnail wp-image-686\" src=\"https:\/\/sertalink.com\/wp-content\/uploads\/2015\/10\/ws-logo-150x32.png\" alt=\"Wheelsystems\" width=\"150\" height=\"32\" srcset=\"https:\/\/sertalink.com\/wp-content\/uploads\/2015\/10\/ws-logo-150x32.png 150w, https:\/\/sertalink.com\/wp-content\/uploads\/2015\/10\/ws-logo.png 190w\" sizes=\"auto, (max-width: 150px) 100vw, 150px\" \/><\/a><\/p>\n<p style=\"text-align: center;\"><a href=\"https:\/\/www.wheelsystems.com\" target=\"_blank\" rel=\"noopener\">www.wheelsystems.com<\/a><\/p>\n<p style=\"text-align: center;\">[contact-form-7 id=&#8221;911&#8243; title=&#8221;Contact form 1&#8243;]<\/p>","protected":false},"excerpt":{"rendered":"<p>WHEEL Systems is a leading developer of innovative IT security solutions. We specialize in users authorization and authentication, and monitoring access to corporate networks. Our products combine creativity and ease of use with strong security measures, which has always been our priority when designing new solutions. We are the leading company offering mobile authentication solutions [&hellip;]<\/p>","protected":false},"author":1,"featured_media":0,"parent":0,"menu_order":0,"comment_status":"closed","ping_status":"closed","template":"","meta":{"_et_pb_use_builder":"","_et_pb_old_content":"","_et_gb_content_width":"","footnotes":""},"class_list":["post-161","page","type-page","status-publish","hentry"],"yoast_head":"<!-- This site is optimized with the Yoast SEO Premium plugin v15.1.2 - https:\/\/yoast.com\/wordpress\/plugins\/seo\/ -->\n<title>Wheel Systems | Sertalink Belgium &amp; Luxembourg<\/title>\n<meta name=\"description\" content=\"WHEEL Systems is a leading developer of innovative IT security solutions. We specialize in users authorization and authentication, and monitoring access\" \/>\n<meta name=\"robots\" content=\"index, follow, max-snippet:-1, max-image-preview:large, max-video-preview:-1\" \/>\n<link rel=\"canonical\" href=\"https:\/\/sertalink.com\/nl\/wheel-systems\/\" \/>\n<meta property=\"og:locale\" content=\"nl_BE\" \/>\n<meta property=\"og:type\" content=\"article\" \/>\n<meta property=\"og:title\" content=\"Wheel Systems | Sertalink Belgium &amp; Luxembourg\" \/>\n<meta property=\"og:description\" content=\"WHEEL Systems is a leading developer of innovative IT security solutions. We specialize in users authorization and authentication, and monitoring access\" \/>\n<meta property=\"og:url\" content=\"https:\/\/sertalink.com\/nl\/wheel-systems\/\" \/>\n<meta property=\"og:site_name\" content=\"Sertalink Belgium &amp; Luxembourg\" \/>\n<meta property=\"article:publisher\" content=\"https:\/\/www.facebook.com\/sertalink\/\" \/>\n<meta property=\"article:modified_time\" content=\"2017-07-03T19:21:42+00:00\" \/>\n<meta property=\"og:image\" content=\"https:\/\/sertalink.com\/wp-content\/uploads\/2015\/10\/ws-logo-150x32.png\" \/>\n<meta name=\"twitter:card\" content=\"summary_large_image\" \/>\n<meta name=\"twitter:creator\" content=\"@sertalink_bnlx\" \/>\n<meta name=\"twitter:site\" content=\"@sertalink_bnlx\" \/>\n<script type=\"application\/ld+json\" class=\"yoast-schema-graph\">{\"@context\":\"https:\/\/schema.org\",\"@graph\":[{\"@type\":[\"Organization\",\"Place\"],\"@id\":\"https:\/\/sertalink.com\/nl\/#organization\",\"name\":\"Sertalink Belgium\",\"url\":\"https:\/\/sertalink.com\/nl\/\",\"sameAs\":[\"https:\/\/www.facebook.com\/sertalink\/\",\"https:\/\/www.linkedin.com\/company\/sertalink\/\",\"https:\/\/twitter.com\/sertalink_bnlx\"],\"logo\":{\"@type\":\"ImageObject\",\"@id\":\"https:\/\/sertalink.com\/nl\/#logo\",\"inLanguage\":\"nl-BE\",\"url\":\"https:\/\/sertalink.com\/wp-content\/uploads\/2016\/09\/sertaLinkLogo.png\",\"width\":90,\"height\":112,\"caption\":\"Sertalink Belgium\"},\"image\":{\"@id\":\"https:\/\/sertalink.com\/nl\/#logo\"},\"location\":{\"@id\":\"https:\/\/sertalink.com\/fr\/wheel-systems\/#local-place\"},\"address\":{\"@id\":\"https:\/\/sertalink.com\/fr\/wheel-systems\/#local-place-address\"},\"email\":\"sales@sertalink.com\",\"telephone\":\"+3293109351\",\"areaServed\":\"Benelux\",\"vatID\":\"BE 0632.806.125\"},{\"@type\":\"WebSite\",\"@id\":\"https:\/\/sertalink.com\/nl\/#website\",\"url\":\"https:\/\/sertalink.com\/nl\/\",\"name\":\"Sertalink Belgium &amp; Luxembourg\",\"description\":\"Your link to a safe environment\",\"publisher\":{\"@id\":\"https:\/\/sertalink.com\/nl\/#organization\"},\"potentialAction\":[{\"@type\":\"SearchAction\",\"target\":\"https:\/\/sertalink.com\/nl\/?s={search_term_string}\",\"query-input\":\"required name=search_term_string\"}],\"inLanguage\":\"nl-BE\"},{\"@type\":\"ImageObject\",\"@id\":\"https:\/\/sertalink.com\/fr\/wheel-systems\/#primaryimage\",\"inLanguage\":\"nl-BE\",\"url\":\"https:\/\/sertalink.com\/wp-content\/uploads\/2015\/10\/ws-logo.png\",\"width\":190,\"height\":40},{\"@type\":\"WebPage\",\"@id\":\"https:\/\/sertalink.com\/fr\/wheel-systems\/#webpage\",\"url\":\"https:\/\/sertalink.com\/fr\/wheel-systems\/\",\"name\":\"Wheel Systems | Sertalink Belgium &amp; Luxembourg\",\"isPartOf\":{\"@id\":\"https:\/\/sertalink.com\/nl\/#website\"},\"primaryImageOfPage\":{\"@id\":\"https:\/\/sertalink.com\/fr\/wheel-systems\/#primaryimage\"},\"datePublished\":\"2015-10-20T15:43:16+00:00\",\"dateModified\":\"2017-07-03T19:21:42+00:00\",\"description\":\"WHEEL Systems is a leading developer of innovative IT security solutions. We specialize in users authorization and authentication, and monitoring access\",\"inLanguage\":\"nl-BE\",\"potentialAction\":[{\"@type\":\"ReadAction\",\"target\":[\"https:\/\/sertalink.com\/fr\/wheel-systems\/\"]}]},{\"@type\":\"Place\",\"@id\":\"https:\/\/sertalink.com\/fr\/wheel-systems\/#local-place\",\"address\":{\"@type\":\"PostalAddress\",\"@id\":\"https:\/\/sertalink.com\/fr\/wheel-systems\/#local-place-address\",\"streetAddress\":\"Gentse Steenweg 47\",\"addressLocality\":\"Lokeren\",\"postalCode\":\"9160\",\"addressRegion\":\"Oost-Vlaanderen\",\"addressCountry\":\"BE\"},\"geo\":{\"@type\":\"GeoCoordinates\",\"latitude\":\"\",\"longitude\":\"\"},\"openingHoursSpecification\":[{\"@type\":\"OpeningHoursSpecification\",\"dayOfWeek\":[\"Monday\",\"Tuesday\",\"Wednesday\",\"Thursday\",\"Friday\"],\"opens\":\"09:00\",\"closes\":\"17:30\"},{\"@type\":\"OpeningHoursSpecification\",\"dayOfWeek\":[\"Saturday\",\"Sunday\"],\"opens\":\"00:00\",\"closes\":\"00:00\"}],\"telephone\":\"+3293109351\"}]}<\/script>\n<meta name=\"geo.placename\" content=\"Lokeren\" \/>\n<meta name=\"geo.region\" content=\"Belgium\" \/>\n<!-- \/ Yoast SEO Premium plugin. -->","_links":{"self":[{"href":"https:\/\/sertalink.com\/nl\/wp-json\/wp\/v2\/pages\/161","targetHints":{"allow":["GET"]}}],"collection":[{"href":"https:\/\/sertalink.com\/nl\/wp-json\/wp\/v2\/pages"}],"about":[{"href":"https:\/\/sertalink.com\/nl\/wp-json\/wp\/v2\/types\/page"}],"author":[{"embeddable":true,"href":"https:\/\/sertalink.com\/nl\/wp-json\/wp\/v2\/users\/1"}],"replies":[{"embeddable":true,"href":"https:\/\/sertalink.com\/nl\/wp-json\/wp\/v2\/comments?post=161"}],"version-history":[{"count":0,"href":"https:\/\/sertalink.com\/nl\/wp-json\/wp\/v2\/pages\/161\/revisions"}],"wp:attachment":[{"href":"https:\/\/sertalink.com\/nl\/wp-json\/wp\/v2\/media?parent=161"}],"curies":[{"name":"wp","href":"https:\/\/api.w.org\/{rel}","templated":true}]}}