{"id":15292,"date":"2023-02-02T16:21:27","date_gmt":"2023-02-02T15:21:27","guid":{"rendered":"https:\/\/sertalink.com\/?page_id=15292"},"modified":"2023-04-16T00:34:37","modified_gmt":"2023-04-15T22:34:37","slug":"iso22301-for-business-continuitydisaster-recovery","status":"publish","type":"page","link":"https:\/\/sertalink.com\/fr\/iso22301-for-business-continuitydisaster-recovery\/","title":{"rendered":"ISO22301 for Business Continuity\/Disaster Recovery"},"content":{"rendered":"<p>[et_pb_section fb_built=&#8221;1&#8243; _builder_version=&#8221;4.9.2&#8243; _module_preset=&#8221;default&#8221; background_image=&#8221;https:\/\/sertalink.com\/wp-content\/uploads\/2023\/03\/purp2-1-1.png&#8221; background_position=&#8221;top_left&#8221; custom_padding=&#8221;13em||||false|false&#8221; hover_enabled=&#8221;0&#8243; da_disable_devices=&#8221;off|off|off&#8221; custom_padding_last_edited=&#8221;on|phone&#8221; custom_padding_phone=&#8221;5em||||false|false&#8221; sticky_enabled=&#8221;0&#8243; da_is_popup=&#8221;off&#8221; da_exit_intent=&#8221;off&#8221; da_has_close=&#8221;on&#8221; da_alt_close=&#8221;off&#8221; da_dark_close=&#8221;off&#8221; da_not_modal=&#8221;on&#8221; da_is_singular=&#8221;off&#8221; da_with_loader=&#8221;off&#8221; da_has_shadow=&#8221;on&#8221;][et_pb_row _builder_version=&#8221;4.9.2&#8243; _module_preset=&#8221;default&#8221; animation_style=&#8221;zoom&#8221; animation_intensity_zoom=&#8221;10%&#8221; animation_starting_opacity=&#8221;100%&#8221; hover_enabled=&#8221;0&#8243; width_last_edited=&#8221;on|phone&#8221; width_phone=&#8221;85%&#8221; sticky_enabled=&#8221;0&#8243;][et_pb_column type=&#8221;4_4&#8243; _builder_version=&#8221;4.9.2&#8243; _module_preset=&#8221;default&#8221;][et_pb_text _builder_version=&#8221;4.9.2&#8243; _module_preset=&#8221;default&#8221; header_font=&#8221;Fjalla|700|||||||&#8221; header_text_color=&#8221;#FFFFFF&#8221; header_font_size=&#8221;50px&#8221; custom_margin=&#8221;||0px||false|false&#8221; custom_padding=&#8221;||||false|false&#8221; hover_enabled=&#8221;0&#8243; header_font_size_last_edited=&#8221;on|phone&#8221; header_font_size_phone=&#8221;35px&#8221; header_line_height_last_edited=&#8221;on|phone&#8221; header_line_height_phone=&#8221;1.4em&#8221; sticky_enabled=&#8221;0&#8243;]<\/p>\n<h1>ISO22301 for Business Continuity\/Disaster Recovery<\/h1>\n<p>[\/et_pb_text][et_pb_text _builder_version=&#8221;4.9.2&#8243; _module_preset=&#8221;default&#8221; text_font=&#8221;Montserrat Regular||||||||&#8221; text_text_color=&#8221;#bfbfbf&#8221; text_font_size=&#8221;16px&#8221; header_font=&#8221;Fjalla|700|||||||&#8221; header_text_color=&#8221;#FFFFFF&#8221; custom_margin=&#8221;||||false|false&#8221; custom_padding=&#8221;||||false|false&#8221;]<a href=\"https:\/\/sertalink.com\/fr\/\" style=\"color: #fff;\">Homepage<\/a> \/ <a href=\"https:\/\/sertalink.com\/fr\/?page_id=15216&amp;preview=true\" style=\"color: #fff;\">Data Governance &amp; Compliance<\/a> \/ ISO22301 for Business Continuity-Disaster Recovery[\/et_pb_text][\/et_pb_column][\/et_pb_row][\/et_pb_section][et_pb_section fb_built=&#8221;1&#8243; _builder_version=&#8221;4.9.2&#8243; _module_preset=&#8221;default&#8221; hover_enabled=&#8221;0&#8243; da_disable_devices=&#8221;off|off|off&#8221; custom_padding_last_edited=&#8221;on|phone&#8221; custom_padding_phone=&#8221;10px||||false|false&#8221; sticky_enabled=&#8221;0&#8243; da_is_popup=&#8221;off&#8221; da_exit_intent=&#8221;off&#8221; da_has_close=&#8221;on&#8221; da_alt_close=&#8221;off&#8221; da_dark_close=&#8221;off&#8221; da_not_modal=&#8221;on&#8221; da_is_singular=&#8221;off&#8221; da_with_loader=&#8221;off&#8221; da_has_shadow=&#8221;on&#8221;][et_pb_row _builder_version=&#8221;4.9.2&#8243; _module_preset=&#8221;default&#8221; hover_enabled=&#8221;0&#8243; width_last_edited=&#8221;on|phone&#8221; width_phone=&#8221;85%&#8221; sticky_enabled=&#8221;0&#8243;][et_pb_column type=&#8221;4_4&#8243; _builder_version=&#8221;4.9.2&#8243; _module_preset=&#8221;default&#8221;][et_pb_text admin_label=&#8221;Text&#8221; _builder_version=&#8221;4.9.2&#8243; text_font=&#8221;Montserrat Regular||||||||&#8221; text_line_height=&#8221;1.5em&#8221; header_2_font=&#8221;Fjalla||||||||&#8221; header_2_text_color=&#8221;#000356&#8243; header_3_font=&#8221;Fjalla||||||||&#8221; header_3_text_color=&#8221;#000356&#8243; background_size=&#8221;initial&#8221; background_position=&#8221;top_left&#8221; background_repeat=&#8221;repeat&#8221; hover_enabled=&#8221;0&#8243; use_border_color=&#8221;off&#8221; border_color=&#8221;#ffffff&#8221; border_style=&#8221;solid&#8221; header_2_font_size_last_edited=&#8221;on|phone&#8221; header_2_font_size_phone=&#8221;20px&#8221; header_2_line_height_last_edited=&#8221;on|phone&#8221; header_2_line_height_phone=&#8221;1.5em&#8221; header_3_font_size_last_edited=&#8221;on|phone&#8221; header_3_font_size_phone=&#8221;20px&#8221; header_3_line_height_last_edited=&#8221;on|phone&#8221; header_3_line_height_phone=&#8221;1.4em&#8221; sticky_enabled=&#8221;0&#8243;]<\/p>\n<div id=\"content1\">\n<h2>Business Continuity, Disaster Recovery and ISO22301<\/h2>\n<p>The UK Companies Act 2006 gave statutory status to what has long been a common law duty of company directors worldwide: to exercise due care in relation to their companies. Specifically, directors must \u201cexercise reasonable care, skill and diligence\u201d (s.174).<\/p>\n<p>Le conseil d'administration doit s'assurer que l'organisation a \u00e9labor\u00e9 et test\u00e9 des plans de continuit\u00e9 des activit\u00e9s et de reprise apr\u00e8s sinistre qui att\u00e9nuent tous les risques auxquels l'organisation est confront\u00e9e. Ces pages fournissent une introduction \u00e0 ces sujets et \u00e0 leurs normes associ\u00e9es.<\/p>\n<\/div>\n<div id=\"content2\">\n<h2 id=\"10\">ISO 22301 (ISO22301) \u2013 The business continuity standard<\/h2>\n<p>Lanc\u00e9e en mai 2012, l'ISO 22301 d\u00e9finit les exigences d'un syst\u00e8me de management de la continuit\u00e9 des activit\u00e9s (BCMS). ISO22301 a remplac\u00e9 la norme britannique BS25999-2.<\/p>\n<p>Toutes les organisations sont confront\u00e9es \u00e0 des risques de continuit\u00e9 d\u2019activit\u00e9. Saviez-vous que:<\/p>\n<ul>\n<li>80% des organisations dot\u00e9es d'un plan de continuit\u00e9 d'activit\u00e9 bien planifi\u00e9 et mis en \u0153uvre sont susceptibles de survivre \u00e0 une interruption d'activit\u00e9 majeure?<\/li>\n<li>Seulement 20% de ceux qui n'ont pas de plan de continuit\u00e9 des activit\u00e9s sont susceptibles de survivre?<\/li>\n<li>Plus de 90% des organisations qui subissent une perte de donn\u00e9es importante ne sont pas en activit\u00e9 deux ans plus tard?<\/li>\n<li>20% des r\u00e9pondants ne connaissent pas l'impact financier d'une interruption ou d'une panne de cinq jours? *<\/li>\n<li>La sauvegarde n'est pas la m\u00eame chose qu'un plan de continuit\u00e9 des activit\u00e9s et le terrorisme devrait \u00eatre sp\u00e9cifiquement trait\u00e9?<\/li>\n<li>Malgr\u00e9 une augmentation des cybermenaces, 36% des organisations d\u00e9clarent ne pas aborder le cyberterrorisme dans leur programme BCM et les plans associ\u00e9s? *<\/li>\n<li>42% des organisations d\u00e9clarent d\u00e9sormais utiliser la norme internationale ISO 22301 pour soutenir leur programme BCM? *<\/li>\n<\/ul>\n<p>* The 2013-2014 KPMG Business Continuity Management Program Benchmarking Study<\/p>\n<h3>ISO 22301 training<\/h3>\n<p>Notre parcours d'apprentissage ISO22301 offre une progression structur\u00e9e du niveau de base au niveau avanc\u00e9, couvrant les connaissances et les comp\u00e9tences n\u00e9cessaires pour planifier, mettre en \u0153uvre et auditer un BCMS conforme \u00e0 ISO22301.<\/p>\n<h2 id=\"20\">ISO27031 \u2013 ICT continuity best practice<\/h2>\n<p>ISO27031 fournit des recommandations sp\u00e9cifiques pour la gestion de la continuit\u00e9 des TIC (technologies de l'information et des communications) dans le cadre g\u00e9n\u00e9ral de continuit\u00e9 des activit\u00e9s fourni par ISO22301. ISO27031 rend ISO22301 pertinente pour les technologies de l'information et des communications. Bien entendu, il peut \u00e9galement \u00eatre utilis\u00e9 de mani\u00e8re autonome si une organisation souhaite aborder sp\u00e9cifiquement la gestion de la continuit\u00e9 des TIC.<\/p>\n<h2 id=\"30\">Civil contingencies and business continuity planning<\/h2>\n<p>In the UK, the Civil Contingencies Act 2004 sets out specific requirements for public bodies. It imposes a series of duties on local bodies in England and Wales, Scotland and Northern Ireland (known as \u201cCategory 1 responders\u201d). These include the duty to assess the risk of an emergency occurring and to maintain plans for the purposes of responding to an emergency.<\/p>\n<p>The range of Category 1 responders is broader than the range of local bodies that were subject to earlier legislation, which has now been repealed. It includes certain bodies with functions relating to health, the Environment Agency and the Secretary of State responsible for maritime and coastal emergency responses. The Act also provides a mechanism to impose duties on other local bodies (\u201cCategory 2 responders\u201d), to cooperate with, and to provide information to, Category 1 responders in connection with their civil protection duties.<\/p>\n<h2 id=\"40\">Business continuity planning<\/h2>\n<p><strong>Business continuity planning<\/strong><span>&nbsp;<\/span>(BCP) implique les processus et proc\u00e9dures pour l\u2019\u00e9laboration, l\u2019essai et la maintenance des plans qui permettront \u00e0 une organisation de continuer \u00e0 fonctionner pendant et apr\u00e8s une catastrophe.<\/p>\n<p>Plans are typically designed to cope with incidents affecting all of the organisation\u2019s business-critical processes and activities, from failure of a single server all the way through to complete loss of a major facility. BCP is a response to an enterprise-level risk assessment.<\/p>\n<h2 id=\"50\">Disaster recovery planning<\/h2>\n<p><strong>Disaster recovery planning<\/strong><span>&nbsp;<\/span>(DRP) a g\u00e9n\u00e9ralement lieu dans le cadre bcp. Les plans de r\u00e9cup\u00e9ration apr\u00e8s sinistre sont souvent relativement techniques et se concentreront sur la r\u00e9cup\u00e9ration d\u2019op\u00e9rations, de fonctions, de sites, de services ou d\u2019applications sp\u00e9cifiques. Un seul PCA peut contenir ou se r\u00e9f\u00e9rer \u00e0 un certain nombre de plans de r\u00e9cup\u00e9ration apr\u00e8s sinistre. Les meilleures pratiques en mati\u00e8re de r\u00e9cup\u00e9ration apr\u00e8s sinistre sont \u00e9nonc\u00e9es dans ISO\/IEC 22301.<\/p>\n<p>Le cycle de vie de la gestion de la continuit\u00e9 des activit\u00e9s comprend g\u00e9n\u00e9ralement une s\u00e9rie d'\u00e9tapes:<\/p>\n<ul>\n<li>l'\u00e9valuation des risques<\/li>\n<li>analyse d'impact commercial<\/li>\n<li>d\u00e9veloppement du plan<\/li>\n<li>Documentation<\/li>\n<li>essai<\/li>\n<li>entretien<\/li>\n<\/ul>\n<\/div>\n<p>[\/et_pb_text][\/et_pb_column][\/et_pb_row][\/et_pb_section]<\/p>","protected":false},"excerpt":{"rendered":"<p>ISO22301 for Business Continuity\/Disaster Recovery Homepage \/ Data Governance &amp; Compliance \/ ISO22301 for Business Continuity-Disaster Recovery Business Continuity, Disaster Recovery and ISO22301 The UK Companies Act 2006 gave statutory status to what has long been a common law duty of company directors worldwide: to exercise due care in relation to their companies. Specifically, directors [&hellip;]<\/p>","protected":false},"author":1,"featured_media":0,"parent":0,"menu_order":0,"comment_status":"closed","ping_status":"closed","template":"","meta":{"_et_pb_use_builder":"on","_et_pb_old_content":"","_et_gb_content_width":"","footnotes":""},"class_list":["post-15292","page","type-page","status-publish","hentry"],"yoast_head":"<!-- This site is optimized with the Yoast SEO Premium plugin v15.1.2 - https:\/\/yoast.com\/wordpress\/plugins\/seo\/ -->\n<title>ISO22301 for Business Continuity\/Disaster Recovery | Sertalink Belgium &amp; Luxembourg<\/title>\n<meta name=\"robots\" content=\"index, follow, max-snippet:-1, max-image-preview:large, max-video-preview:-1\" \/>\n<link rel=\"canonical\" href=\"https:\/\/sertalink.com\/fr\/iso22301-for-business-continuitydisaster-recovery\/\" \/>\n<meta property=\"og:locale\" content=\"fr_FR\" \/>\n<meta property=\"og:type\" content=\"article\" \/>\n<meta property=\"og:title\" content=\"ISO22301 for Business Continuity\/Disaster Recovery | Sertalink Belgium &amp; Luxembourg\" \/>\n<meta property=\"og:url\" content=\"https:\/\/sertalink.com\/fr\/iso22301-for-business-continuitydisaster-recovery\/\" \/>\n<meta property=\"og:site_name\" content=\"Sertalink Belgium &amp; Luxembourg\" \/>\n<meta property=\"article:publisher\" content=\"https:\/\/www.facebook.com\/sertalink\/\" \/>\n<meta property=\"article:modified_time\" content=\"2023-04-15T22:34:37+00:00\" \/>\n<meta name=\"twitter:card\" content=\"summary_large_image\" \/>\n<meta name=\"twitter:creator\" content=\"@sertalink_bnlx\" \/>\n<meta name=\"twitter:site\" content=\"@sertalink_bnlx\" \/>\n<script type=\"application\/ld+json\" class=\"yoast-schema-graph\">{\"@context\":\"https:\/\/schema.org\",\"@graph\":[{\"@type\":[\"Organization\",\"Place\"],\"@id\":\"https:\/\/sertalink.com\/fr\/#organization\",\"name\":\"Sertalink Belgium\",\"url\":\"https:\/\/sertalink.com\/fr\/\",\"sameAs\":[\"https:\/\/www.facebook.com\/sertalink\/\",\"https:\/\/www.linkedin.com\/company\/sertalink\/\",\"https:\/\/twitter.com\/sertalink_bnlx\"],\"logo\":{\"@type\":\"ImageObject\",\"@id\":\"https:\/\/sertalink.com\/fr\/#logo\",\"inLanguage\":\"fr-FR\",\"url\":\"https:\/\/sertalink.com\/wp-content\/uploads\/2016\/09\/sertaLinkLogo.png\",\"width\":90,\"height\":112,\"caption\":\"Sertalink Belgium\"},\"image\":{\"@id\":\"https:\/\/sertalink.com\/fr\/#logo\"},\"location\":{\"@id\":\"https:\/\/sertalink.com\/nl\/iso22301-for-business-continuitydisaster-recovery\/#local-place\"},\"address\":{\"@id\":\"https:\/\/sertalink.com\/nl\/iso22301-for-business-continuitydisaster-recovery\/#local-place-address\"},\"email\":\"sales@sertalink.com\",\"telephone\":\"+3293109351\",\"areaServed\":\"Benelux\",\"vatID\":\"BE 0632.806.125\"},{\"@type\":\"WebSite\",\"@id\":\"https:\/\/sertalink.com\/fr\/#website\",\"url\":\"https:\/\/sertalink.com\/fr\/\",\"name\":\"Sertalink Belgium &amp; Luxembourg\",\"description\":\"Your link to a safe environment\",\"publisher\":{\"@id\":\"https:\/\/sertalink.com\/fr\/#organization\"},\"potentialAction\":[{\"@type\":\"SearchAction\",\"target\":\"https:\/\/sertalink.com\/fr\/?s={search_term_string}\",\"query-input\":\"required name=search_term_string\"}],\"inLanguage\":\"fr-FR\"},{\"@type\":\"WebPage\",\"@id\":\"https:\/\/sertalink.com\/nl\/iso22301-for-business-continuitydisaster-recovery\/#webpage\",\"url\":\"https:\/\/sertalink.com\/nl\/iso22301-for-business-continuitydisaster-recovery\/\",\"name\":\"ISO22301 for Business Continuity\/Disaster Recovery | Sertalink Belgium &amp; Luxembourg\",\"isPartOf\":{\"@id\":\"https:\/\/sertalink.com\/fr\/#website\"},\"datePublished\":\"2023-02-02T15:21:27+00:00\",\"dateModified\":\"2023-04-15T22:34:37+00:00\",\"inLanguage\":\"fr-FR\",\"potentialAction\":[{\"@type\":\"ReadAction\",\"target\":[\"https:\/\/sertalink.com\/nl\/iso22301-for-business-continuitydisaster-recovery\/\"]}]},{\"@type\":\"Place\",\"@id\":\"https:\/\/sertalink.com\/nl\/iso22301-for-business-continuitydisaster-recovery\/#local-place\",\"address\":{\"@type\":\"PostalAddress\",\"@id\":\"https:\/\/sertalink.com\/nl\/iso22301-for-business-continuitydisaster-recovery\/#local-place-address\",\"streetAddress\":\"Gentse Steenweg 47\",\"addressLocality\":\"Lokeren\",\"postalCode\":\"9160\",\"addressRegion\":\"Oost-Vlaanderen\",\"addressCountry\":\"BE\"},\"geo\":{\"@type\":\"GeoCoordinates\",\"latitude\":\"\",\"longitude\":\"\"},\"openingHoursSpecification\":[{\"@type\":\"OpeningHoursSpecification\",\"dayOfWeek\":[\"Monday\",\"Tuesday\",\"Wednesday\",\"Thursday\",\"Friday\"],\"opens\":\"09:00\",\"closes\":\"17:30\"},{\"@type\":\"OpeningHoursSpecification\",\"dayOfWeek\":[\"Saturday\",\"Sunday\"],\"opens\":\"00:00\",\"closes\":\"00:00\"}],\"telephone\":\"+3293109351\"}]}<\/script>\n<meta name=\"geo.placename\" content=\"Lokeren\" \/>\n<meta name=\"geo.region\" content=\"Belgique\" \/>\n<!-- \/ Yoast SEO Premium plugin. -->","_links":{"self":[{"href":"https:\/\/sertalink.com\/fr\/wp-json\/wp\/v2\/pages\/15292","targetHints":{"allow":["GET"]}}],"collection":[{"href":"https:\/\/sertalink.com\/fr\/wp-json\/wp\/v2\/pages"}],"about":[{"href":"https:\/\/sertalink.com\/fr\/wp-json\/wp\/v2\/types\/page"}],"author":[{"embeddable":true,"href":"https:\/\/sertalink.com\/fr\/wp-json\/wp\/v2\/users\/1"}],"replies":[{"embeddable":true,"href":"https:\/\/sertalink.com\/fr\/wp-json\/wp\/v2\/comments?post=15292"}],"version-history":[{"count":7,"href":"https:\/\/sertalink.com\/fr\/wp-json\/wp\/v2\/pages\/15292\/revisions"}],"predecessor-version":[{"id":16768,"href":"https:\/\/sertalink.com\/fr\/wp-json\/wp\/v2\/pages\/15292\/revisions\/16768"}],"wp:attachment":[{"href":"https:\/\/sertalink.com\/fr\/wp-json\/wp\/v2\/media?parent=15292"}],"curies":[{"name":"wp","href":"https:\/\/api.w.org\/{rel}","templated":true}]}}