{"id":15291,"date":"2023-02-02T16:20:48","date_gmt":"2023-02-02T15:20:48","guid":{"rendered":"https:\/\/sertalink.com\/?page_id=15291"},"modified":"2023-04-16T00:31:38","modified_gmt":"2023-04-15T22:31:38","slug":"iso-27001-and-information-security","status":"publish","type":"page","link":"https:\/\/sertalink.com\/fr\/iso-27001-and-information-security\/","title":{"rendered":"ISO 27001 and Information Security"},"content":{"rendered":"<p>[et_pb_section fb_built=&#8221;1&#8243; _builder_version=&#8221;4.9.2&#8243; _module_preset=&#8221;default&#8221; background_image=&#8221;https:\/\/sertalink.com\/wp-content\/uploads\/2023\/03\/purp2-1-1.png&#8221; background_position=&#8221;top_left&#8221; custom_padding=&#8221;13em||||false|false&#8221; hover_enabled=&#8221;0&#8243; da_disable_devices=&#8221;off|off|off&#8221; custom_padding_last_edited=&#8221;on|phone&#8221; custom_padding_phone=&#8221;5em||||false|false&#8221; sticky_enabled=&#8221;0&#8243; da_is_popup=&#8221;off&#8221; da_exit_intent=&#8221;off&#8221; da_has_close=&#8221;on&#8221; da_alt_close=&#8221;off&#8221; da_dark_close=&#8221;off&#8221; da_not_modal=&#8221;on&#8221; da_is_singular=&#8221;off&#8221; da_with_loader=&#8221;off&#8221; da_has_shadow=&#8221;on&#8221;][et_pb_row _builder_version=&#8221;4.9.2&#8243; _module_preset=&#8221;default&#8221; animation_style=&#8221;zoom&#8221; animation_intensity_zoom=&#8221;10%&#8221; animation_starting_opacity=&#8221;100%&#8221; hover_enabled=&#8221;0&#8243; width_last_edited=&#8221;on|phone&#8221; width_phone=&#8221;85%&#8221; sticky_enabled=&#8221;0&#8243;][et_pb_column type=&#8221;4_4&#8243; _builder_version=&#8221;4.9.2&#8243; _module_preset=&#8221;default&#8221;][et_pb_text _builder_version=&#8221;4.9.2&#8243; _module_preset=&#8221;default&#8221; header_font=&#8221;Fjalla|700|||||||&#8221; header_text_color=&#8221;#FFFFFF&#8221; header_font_size=&#8221;50px&#8221; custom_margin=&#8221;||0px||false|false&#8221; custom_padding=&#8221;||||false|false&#8221; hover_enabled=&#8221;0&#8243; header_font_size_last_edited=&#8221;on|phone&#8221; header_font_size_phone=&#8221;35px&#8221; header_line_height_last_edited=&#8221;on|phone&#8221; header_line_height_phone=&#8221;1.5em&#8221; sticky_enabled=&#8221;0&#8243;]<\/p>\n<h1>ISO 27001 and Information Security<\/h1>\n<p>[\/et_pb_text][et_pb_text _builder_version=&#8221;4.9.2&#8243; _module_preset=&#8221;default&#8221; text_font=&#8221;Montserrat Regular||||||||&#8221; text_text_color=&#8221;#bfbfbf&#8221; text_font_size=&#8221;16px&#8221; header_font=&#8221;Fjalla|700|||||||&#8221; header_text_color=&#8221;#FFFFFF&#8221; custom_margin=&#8221;||||false|false&#8221; custom_padding=&#8221;||||false|false&#8221;]<a href=\"https:\/\/sertalink.com\/fr\/\" style=\"color: #fff;\">Homepage<\/a> \/ <a href=\"https:\/\/sertalink.com\/fr\/?page_id=15216&amp;preview=true\" style=\"color: #fff;\">Data Governance &amp; Compliance<\/a> \/ ISO 27001 and Information Security[\/et_pb_text][\/et_pb_column][\/et_pb_row][\/et_pb_section][et_pb_section fb_built=&#8221;1&#8243; _builder_version=&#8221;4.9.2&#8243; _module_preset=&#8221;default&#8221; hover_enabled=&#8221;0&#8243; da_disable_devices=&#8221;off|off|off&#8221; custom_padding_last_edited=&#8221;on|phone&#8221; custom_padding_phone=&#8221;10px||||false|false&#8221; sticky_enabled=&#8221;0&#8243; da_is_popup=&#8221;off&#8221; da_exit_intent=&#8221;off&#8221; da_has_close=&#8221;on&#8221; da_alt_close=&#8221;off&#8221; da_dark_close=&#8221;off&#8221; da_not_modal=&#8221;on&#8221; da_is_singular=&#8221;off&#8221; da_with_loader=&#8221;off&#8221; da_has_shadow=&#8221;on&#8221;][et_pb_row _builder_version=&#8221;4.9.2&#8243; _module_preset=&#8221;default&#8221; hover_enabled=&#8221;0&#8243; width_last_edited=&#8221;on|phone&#8221; width_phone=&#8221;85%&#8221; sticky_enabled=&#8221;0&#8243;][et_pb_column type=&#8221;4_4&#8243; _builder_version=&#8221;4.9.2&#8243; _module_preset=&#8221;default&#8221;][et_pb_text admin_label=&#8221;Text&#8221; _builder_version=&#8221;4.9.2&#8243; text_font=&#8221;Montserrat Regular||||||||&#8221; text_line_height=&#8221;1.5em&#8221; header_2_font=&#8221;Fjalla||||||||&#8221; header_2_text_color=&#8221;#000356&#8243; header_3_font=&#8221;Fjalla||||||||&#8221; header_3_text_color=&#8221;#000356&#8243; background_size=&#8221;initial&#8221; background_position=&#8221;top_left&#8221; background_repeat=&#8221;repeat&#8221; hover_enabled=&#8221;0&#8243; use_border_color=&#8221;off&#8221; border_color=&#8221;#ffffff&#8221; border_style=&#8221;solid&#8221; text_font_size_last_edited=&#8221;on|phone&#8221; text_font_size_phone=&#8221;15px&#8221; header_2_font_size_last_edited=&#8221;on|phone&#8221; header_2_font_size_phone=&#8221;20px&#8221; header_2_line_height_last_edited=&#8221;on|phone&#8221; header_2_line_height_phone=&#8221;1.5em&#8221; sticky_enabled=&#8221;0&#8243;]<\/p>\n<p>ISO \/ CEI 27001: 2013 (ISO 27001) est la norme internationale qui d\u00e9crit les meilleures pratiques pour un syst\u00e8me de gestion de la s\u00e9curit\u00e9 de l'information (SMSI). La certification accr\u00e9dit\u00e9e ISO 27001 d\u00e9montre qu'une organisation suit les meilleures pratiques internationales en mati\u00e8re de s\u00e9curit\u00e9 de l'information.<\/p>\n<p>Cette page explique ce qu'est ISO 27001 et des liens vers les produits qui aideront votre organisation \u00e0 aborder un projet de mise en \u0153uvre ISO 27001, y compris nos solutions packag\u00e9es &gt;&gt;<\/p>\n<h2>Qu'est-ce qu'un syst\u00e8me de gestion de la s\u00e9curit\u00e9 de l'information (SMSI)?<\/h2>\n<p>An information security management system (ISMS) is \u201ca systematic approach for establishing, implementing, operating, monitoring, reviewing, maintaining and improving an organisation\u2019s information security to achieve business objectives\u201d (ISO\/IEC 27000:2014).<\/p>\n<p>Il englobe les personnes, les processus et la technologie, reconnaissant que la s\u00e9curit\u00e9 des informations ne concerne pas uniquement les logiciels antivirus, la mise en \u0153uvre du dernier pare-feu ou le verrouillage de vos ordinateurs portables ou serveurs Web. La technologie seule est tout simplement trop faible pour se d\u00e9fendre contre la nature \u00e9volutive des menaces \u00e0 la s\u00e9curit\u00e9 de l'information.<\/p>\n<p>L'approche globale de la s\u00e9curit\u00e9 de l'information doit \u00eatre \u00e0 la fois strat\u00e9gique et op\u00e9rationnelle, et diff\u00e9rentes initiatives de s\u00e9curit\u00e9 doivent \u00eatre hi\u00e9rarchis\u00e9es, int\u00e9gr\u00e9es et recoup\u00e9es pour garantir l'efficacit\u00e9 globale.<\/p>\n<p>Un SMSI conforme \u00e0 la norme ISO 27001 vous aide \u00e0 coordonner tous vos efforts de s\u00e9curit\u00e9 (\u00e0 la fois \u00e9lectroniques et physiques) de mani\u00e8re coh\u00e9rente, coh\u00e9rente et \u00e9conomique<\/p>\n<h2>ISO 27001:2013<\/h2>\n<p>ISO 27001, parall\u00e8lement \u00e0 son code de bonnes pratiques associ\u00e9, ISO27002, d\u00e9finit les sp\u00e9cifications techniques d'un syst\u00e8me de management de la s\u00e9curit\u00e9 de l'information (SMSI). La derni\u00e8re version de la norme est ISO \/ CEI 27001: 2013, qui remplace ISO \/ CEI 27001: 2005.<\/p>\n<h2>Implementing ISO 27001<\/h2>\n<p>Un SMSI est sp\u00e9cifique \u00e0 l'organisation qui le met en \u0153uvre, il n'y a donc pas deux projets ISO 27001 identiques. En savoir plus sur les diff\u00e9rentes \u00e9tapes d'un projet de mise en \u0153uvre d'un SMSI conforme \u00e0 la norme ISO 27001.<\/p>\n<h2>T\u00e9l\u00e9chargez gratuitement un livre vert ISO 27001<\/h2>\n<p>Nous avons publi\u00e9 plusieurs livres verts faisant autorit\u00e9 sur ISO 27001. Cliquez sur le lien ci-dessous et t\u00e9l\u00e9chargez-les gratuitement d\u00e8s aujourd'hui:<\/p>\n<p>S\u00e9curit\u00e9 de l'information et ISO 27001: une introduction<br \/>\nMesure du SMSI: soyez bref et simple<br \/>\nImplementing an ISMS \u2013 A really Quick Introduction<br \/>\nR\u00e9duisez votre cyber-risque avec ISO 27001<\/p>\n<h2>ISO 27001 et le programme Cyber \u200b\u200bEssentials du gouvernement britannique<\/h2>\n<p>Le programme Cyber \u200b\u200bEssentials est un \u00e9l\u00e9ment cl\u00e9 de la strat\u00e9gie nationale de cybers\u00e9curit\u00e9 \/ programme cybern\u00e9tique du gouvernement britannique, et a \u00e9t\u00e9 publi\u00e9 le 7 avril 2014. Il vise \u00e0 rassurer les organisations, clients et partenaires bas\u00e9s au Royaume-Uni sur la gestion des cyberrisques, et \u00e0 garantir que les pratiques de gestion des risques ont \u00e9t\u00e9 test\u00e9es et v\u00e9rifi\u00e9es de mani\u00e8re ind\u00e9pendante, le cas \u00e9ch\u00e9ant.<\/p>\n<p>Le programme fournit un ensemble de contr\u00f4les, bas\u00e9s sur la norme ISO 27001, que les organisations peuvent mettre en \u0153uvre pour atteindre un niveau de base de cybers\u00e9curit\u00e9. Les organisations peuvent obtenir une certification \u00e0 deux niveaux: Cyber \u200b\u200bEssentials et Cyber \u200b\u200bEssentials Plus. Une conformit\u00e9 certifi\u00e9e avec le programme sera exig\u00e9e dans certains march\u00e9s publics.<\/p>\n<h2>ISO 27001 \u2013 a framework for compliance<\/h2>\n<p>ISO 27001 peut aider les organisations \u00e0 cr\u00e9er un cadre de conformit\u00e9 \u00e0 de nombreuses normes r\u00e9glementaires, notamment:<\/p>\n<p>The Telecommunications Regulations Act 1998<br \/>\nThe Data Protection Act 1998<br \/>\nThe Computer Misuse Act 1990<br \/>\nThe Human Rights Act 1998<br \/>\nThe Regulation of Investigatory Powers Act 2000<br \/>\nThe Copyright, Designs and Patent Act 1998<br \/>\nThe Freedom of Information Act 2000 (public sector).<\/p>\n<p>[\/et_pb_text][\/et_pb_column][\/et_pb_row][\/et_pb_section]<\/p>","protected":false},"excerpt":{"rendered":"<p>ISO 27001 and Information Security Homepage \/ Data Governance &amp; Compliance \/ ISO 27001 and Information Security ISO\/IEC 27001:2013 (ISO 27001) is the international standard that describes best practice for an information security management system (ISMS). Accredited certification to ISO 27001 demonstrates that an organisation is following international information security best practices. This page explains [&hellip;]<\/p>","protected":false},"author":1,"featured_media":0,"parent":0,"menu_order":0,"comment_status":"closed","ping_status":"closed","template":"","meta":{"_et_pb_use_builder":"on","_et_pb_old_content":"","_et_gb_content_width":"","footnotes":""},"class_list":["post-15291","page","type-page","status-publish","hentry"],"yoast_head":"<!-- This site is optimized with the Yoast SEO Premium plugin v15.1.2 - https:\/\/yoast.com\/wordpress\/plugins\/seo\/ -->\n<title>ISO 27001 and Information Security | Sertalink Belgium &amp; Luxembourg<\/title>\n<meta name=\"robots\" content=\"index, follow, max-snippet:-1, max-image-preview:large, max-video-preview:-1\" \/>\n<link rel=\"canonical\" href=\"http:\/\/sertalink.com\/fr\/iso-27001-and-information-security\/\" \/>\n<meta property=\"og:locale\" content=\"fr_FR\" \/>\n<meta property=\"og:type\" content=\"article\" \/>\n<meta property=\"og:title\" content=\"ISO 27001 and Information Security | Sertalink Belgium &amp; Luxembourg\" \/>\n<meta property=\"og:url\" content=\"http:\/\/sertalink.com\/fr\/iso-27001-and-information-security\/\" \/>\n<meta property=\"og:site_name\" content=\"Sertalink Belgium &amp; Luxembourg\" \/>\n<meta property=\"article:publisher\" content=\"https:\/\/www.facebook.com\/sertalink\/\" \/>\n<meta property=\"article:modified_time\" content=\"2023-04-15T22:31:38+00:00\" \/>\n<meta name=\"twitter:card\" content=\"summary_large_image\" \/>\n<meta name=\"twitter:creator\" content=\"@sertalink_bnlx\" \/>\n<meta name=\"twitter:site\" content=\"@sertalink_bnlx\" \/>\n<script type=\"application\/ld+json\" class=\"yoast-schema-graph\">{\"@context\":\"https:\/\/schema.org\",\"@graph\":[{\"@type\":[\"Organization\",\"Place\"],\"@id\":\"https:\/\/sertalink.com\/fr\/#organization\",\"name\":\"Sertalink Belgium\",\"url\":\"https:\/\/sertalink.com\/fr\/\",\"sameAs\":[\"https:\/\/www.facebook.com\/sertalink\/\",\"https:\/\/www.linkedin.com\/company\/sertalink\/\",\"https:\/\/twitter.com\/sertalink_bnlx\"],\"logo\":{\"@type\":\"ImageObject\",\"@id\":\"https:\/\/sertalink.com\/fr\/#logo\",\"inLanguage\":\"fr-FR\",\"url\":\"https:\/\/sertalink.com\/wp-content\/uploads\/2016\/09\/sertaLinkLogo.png\",\"width\":90,\"height\":112,\"caption\":\"Sertalink Belgium\"},\"image\":{\"@id\":\"https:\/\/sertalink.com\/fr\/#logo\"},\"location\":{\"@id\":\"http:\/\/sertalink.com\/nl\/iso-27001-and-information-security\/#local-place\"},\"address\":{\"@id\":\"http:\/\/sertalink.com\/nl\/iso-27001-and-information-security\/#local-place-address\"},\"email\":\"sales@sertalink.com\",\"telephone\":\"+3293109351\",\"areaServed\":\"Benelux\",\"vatID\":\"BE 0632.806.125\"},{\"@type\":\"WebSite\",\"@id\":\"https:\/\/sertalink.com\/fr\/#website\",\"url\":\"https:\/\/sertalink.com\/fr\/\",\"name\":\"Sertalink Belgium &amp; Luxembourg\",\"description\":\"Your link to a safe environment\",\"publisher\":{\"@id\":\"https:\/\/sertalink.com\/fr\/#organization\"},\"potentialAction\":[{\"@type\":\"SearchAction\",\"target\":\"https:\/\/sertalink.com\/fr\/?s={search_term_string}\",\"query-input\":\"required name=search_term_string\"}],\"inLanguage\":\"fr-FR\"},{\"@type\":\"WebPage\",\"@id\":\"http:\/\/sertalink.com\/nl\/iso-27001-and-information-security\/#webpage\",\"url\":\"http:\/\/sertalink.com\/nl\/iso-27001-and-information-security\/\",\"name\":\"ISO 27001 and Information Security | Sertalink Belgium &amp; Luxembourg\",\"isPartOf\":{\"@id\":\"https:\/\/sertalink.com\/fr\/#website\"},\"datePublished\":\"2023-02-02T15:20:48+00:00\",\"dateModified\":\"2023-04-15T22:31:38+00:00\",\"inLanguage\":\"fr-FR\",\"potentialAction\":[{\"@type\":\"ReadAction\",\"target\":[\"http:\/\/sertalink.com\/nl\/iso-27001-and-information-security\/\"]}]},{\"@type\":\"Place\",\"@id\":\"http:\/\/sertalink.com\/nl\/iso-27001-and-information-security\/#local-place\",\"address\":{\"@type\":\"PostalAddress\",\"@id\":\"http:\/\/sertalink.com\/nl\/iso-27001-and-information-security\/#local-place-address\",\"streetAddress\":\"Gentse Steenweg 47\",\"addressLocality\":\"Lokeren\",\"postalCode\":\"9160\",\"addressRegion\":\"Oost-Vlaanderen\",\"addressCountry\":\"BE\"},\"geo\":{\"@type\":\"GeoCoordinates\",\"latitude\":\"\",\"longitude\":\"\"},\"openingHoursSpecification\":[{\"@type\":\"OpeningHoursSpecification\",\"dayOfWeek\":[\"Monday\",\"Tuesday\",\"Wednesday\",\"Thursday\",\"Friday\"],\"opens\":\"09:00\",\"closes\":\"17:30\"},{\"@type\":\"OpeningHoursSpecification\",\"dayOfWeek\":[\"Saturday\",\"Sunday\"],\"opens\":\"00:00\",\"closes\":\"00:00\"}],\"telephone\":\"+3293109351\"}]}<\/script>\n<meta name=\"geo.placename\" content=\"Lokeren\" \/>\n<meta name=\"geo.region\" content=\"Belgique\" \/>\n<!-- \/ Yoast SEO Premium plugin. -->","_links":{"self":[{"href":"https:\/\/sertalink.com\/fr\/wp-json\/wp\/v2\/pages\/15291","targetHints":{"allow":["GET"]}}],"collection":[{"href":"https:\/\/sertalink.com\/fr\/wp-json\/wp\/v2\/pages"}],"about":[{"href":"https:\/\/sertalink.com\/fr\/wp-json\/wp\/v2\/types\/page"}],"author":[{"embeddable":true,"href":"https:\/\/sertalink.com\/fr\/wp-json\/wp\/v2\/users\/1"}],"replies":[{"embeddable":true,"href":"https:\/\/sertalink.com\/fr\/wp-json\/wp\/v2\/comments?post=15291"}],"version-history":[{"count":8,"href":"https:\/\/sertalink.com\/fr\/wp-json\/wp\/v2\/pages\/15291\/revisions"}],"predecessor-version":[{"id":16765,"href":"https:\/\/sertalink.com\/fr\/wp-json\/wp\/v2\/pages\/15291\/revisions\/16765"}],"wp:attachment":[{"href":"https:\/\/sertalink.com\/fr\/wp-json\/wp\/v2\/media?parent=15291"}],"curies":[{"name":"wp","href":"https:\/\/api.w.org\/{rel}","templated":true}]}}