{"id":15290,"date":"2023-02-02T16:20:34","date_gmt":"2023-02-02T15:20:34","guid":{"rendered":"https:\/\/sertalink.com\/?page_id=15290"},"modified":"2023-04-16T00:28:07","modified_gmt":"2023-04-15T22:28:07","slug":"iso-9001","status":"publish","type":"page","link":"https:\/\/sertalink.com\/fr\/iso-9001\/","title":{"rendered":"ISO 9001 for Quality"},"content":{"rendered":"<p>[et_pb_section fb_built=&#8221;1&#8243; _builder_version=&#8221;4.9.2&#8243; _module_preset=&#8221;default&#8221; background_image=&#8221;https:\/\/sertalink.com\/wp-content\/uploads\/2023\/03\/purp2-1-1.png&#8221; background_position=&#8221;top_left&#8221; custom_padding=&#8221;13em||||false|false&#8221; hover_enabled=&#8221;0&#8243; da_disable_devices=&#8221;off|off|off&#8221; custom_padding_last_edited=&#8221;on|phone&#8221; custom_padding_phone=&#8221;5em||||false|false&#8221; sticky_enabled=&#8221;0&#8243; da_is_popup=&#8221;off&#8221; da_exit_intent=&#8221;off&#8221; da_has_close=&#8221;on&#8221; da_alt_close=&#8221;off&#8221; da_dark_close=&#8221;off&#8221; da_not_modal=&#8221;on&#8221; da_is_singular=&#8221;off&#8221; da_with_loader=&#8221;off&#8221; da_has_shadow=&#8221;on&#8221;][et_pb_row _builder_version=&#8221;4.9.2&#8243; _module_preset=&#8221;default&#8221; animation_style=&#8221;zoom&#8221; animation_intensity_zoom=&#8221;10%&#8221; animation_starting_opacity=&#8221;100%&#8221; hover_enabled=&#8221;0&#8243; width_last_edited=&#8221;on|phone&#8221; width_phone=&#8221;85%&#8221; sticky_enabled=&#8221;0&#8243;][et_pb_column type=&#8221;4_4&#8243; _builder_version=&#8221;4.9.2&#8243; _module_preset=&#8221;default&#8221;][et_pb_text _builder_version=&#8221;4.9.2&#8243; _module_preset=&#8221;default&#8221; header_font=&#8221;Fjalla|700|||||||&#8221; header_text_color=&#8221;#FFFFFF&#8221; header_font_size=&#8221;50px&#8221; custom_margin=&#8221;||0px||false|false&#8221; custom_padding=&#8221;||||false|false&#8221; hover_enabled=&#8221;0&#8243; header_font_size_last_edited=&#8221;on|phone&#8221; header_font_size_phone=&#8221;35px&#8221; sticky_enabled=&#8221;0&#8243;]<\/p>\n<h1>ISO 9001 for Quality<\/h1>\n<p>[\/et_pb_text][et_pb_text _builder_version=&#8221;4.9.2&#8243; _module_preset=&#8221;default&#8221; text_font=&#8221;Montserrat Regular||||||||&#8221; text_text_color=&#8221;#bfbfbf&#8221; text_font_size=&#8221;16px&#8221; header_font=&#8221;Fjalla|700|||||||&#8221; header_text_color=&#8221;#FFFFFF&#8221; custom_margin=&#8221;||||false|false&#8221; custom_padding=&#8221;||||false|false&#8221;]<a href=\"https:\/\/sertalink.com\/fr\/\" style=\"color: #fff;\">Homepage<\/a> \/ <a href=\"https:\/\/sertalink.com\/fr\/?page_id=15216&amp;preview=true\" style=\"color: #fff;\">Data Governance &amp; Compliance<\/a> \/ ISO 9001 for Quality[\/et_pb_text][\/et_pb_column][\/et_pb_row][\/et_pb_section][et_pb_section fb_built=&#8221;1&#8243; _builder_version=&#8221;4.9.2&#8243; _module_preset=&#8221;default&#8221; hover_enabled=&#8221;0&#8243; da_disable_devices=&#8221;off|off|off&#8221; custom_padding_last_edited=&#8221;on|phone&#8221; custom_padding_phone=&#8221;10px||||false|false&#8221; sticky_enabled=&#8221;0&#8243; da_is_popup=&#8221;off&#8221; da_exit_intent=&#8221;off&#8221; da_has_close=&#8221;on&#8221; da_alt_close=&#8221;off&#8221; da_dark_close=&#8221;off&#8221; da_not_modal=&#8221;on&#8221; da_is_singular=&#8221;off&#8221; da_with_loader=&#8221;off&#8221; da_has_shadow=&#8221;on&#8221;][et_pb_row _builder_version=&#8221;4.9.2&#8243; _module_preset=&#8221;default&#8221; hover_enabled=&#8221;0&#8243; width_last_edited=&#8221;on|phone&#8221; width_phone=&#8221;85%&#8221; sticky_enabled=&#8221;0&#8243;][et_pb_column type=&#8221;4_4&#8243; _builder_version=&#8221;4.9.2&#8243; _module_preset=&#8221;default&#8221;][et_pb_text admin_label=&#8221;Text&#8221; _builder_version=&#8221;4.9.2&#8243; text_font=&#8221;Montserrat Regular||||||||&#8221; text_line_height=&#8221;1.5em&#8221; header_2_font=&#8221;Fjalla||||||||&#8221; header_2_text_color=&#8221;#000356&#8243; header_3_font=&#8221;Fjalla||||||||&#8221; header_3_text_color=&#8221;#000356&#8243; background_size=&#8221;initial&#8221; background_position=&#8221;top_left&#8221; background_repeat=&#8221;repeat&#8221; hover_enabled=&#8221;0&#8243; use_border_color=&#8221;off&#8221; border_color=&#8221;#ffffff&#8221; border_style=&#8221;solid&#8221; header_2_font_size_last_edited=&#8221;on|phone&#8221; header_2_font_size_phone=&#8221;20px&#8221; header_3_font_size_last_edited=&#8221;on|phone&#8221; header_3_font_size_phone=&#8221;20px&#8221; sticky_enabled=&#8221;0&#8243; text_font_size_last_edited=&#8221;on|phone&#8221; text_font_size_phone=&#8221;15px&#8221; header_3_line_height_last_edited=&#8221;on|phone&#8221; header_3_line_height_phone=&#8221;1.5em&#8221;]<\/p>\n<h2>ISO 9001 Quality Management Systems<\/h2>\n<p>ISO 9001 est la norme internationale qui d\u00e9finit les crit\u00e8res d'un syst\u00e8me de management de la qualit\u00e9 (SMQ). Bas\u00e9e sur sept principes de gestion de la qualit\u00e9, la norme vous aidera \u00e0 surveiller et \u00e0 g\u00e9rer en permanence la qualit\u00e9 dans toutes vos op\u00e9rations, ainsi qu'\u00e0 \u00e9valuer les performances et le service de votre organisation.<\/p>\n<p>Avec plus de 1,1 million de certifications dans le monde, ISO 9001 est mondialement reconnue comme le meilleur cadre pour aider les organisations \u00e0 fournir des produits et services de qualit\u00e9.<\/p>\n<p>&nbsp;<\/p>\n<h3>ISO 9001:2015<\/h3>\n<p><em>ISO 9001<\/em><span>&nbsp;<\/span>a r\u00e9cemment \u00e9t\u00e9 mis \u00e0 jour pour 2015 afin de maintenir sa pertinence sur le march\u00e9 actuel et de continuer \u00e0 offrir aux organisations de meilleures performances et des avantages commerciaux.<\/p>\n<p>La version 2015 de la norme est<span>&nbsp;<\/span><strong>beaucoup moins normatif<\/strong><span>&nbsp;<\/span>que la version 2008 et peut \u00eatre utilis\u00e9 comme un outil d\u2019am\u00e9lioration des affaires agile, afin que vous puissiez le rendre pertinent pour les besoins de votre organisation.<\/p>\n<p>Il apportera \u00e9galement<span>&nbsp;<\/span><strong>gestion de la qualit\u00e9 et l\u2019am\u00e9lioration continue au c\u0153ur de l\u2019organisation<\/strong>, en aidant \u00e0 am\u00e9liorer et \u00e0 surveiller les performances de votre entreprise. Il s\u2019agit d\u2019accro\u00eetre la satisfaction de la client\u00e8le en d\u00e9montrant :<\/p>\n<ul>\n<li>Compr\u00e9hension et coh\u00e9rence dans le respect des exigences<\/li>\n<li>La prise en compte des processus en termes de valeur ajout\u00e9e<\/li>\n<li>La r\u00e9alisation de performances de processus efficaces<\/li>\n<li>Am\u00e9lioration des processus bas\u00e9s sur l'\u00e9valuation des donn\u00e9es<\/li>\n<\/ul>\n<h3>Pourquoi devriez-vous mettre en \u0153uvre un QMS ISO 9001?<\/h3>\n<p>ISO 9001 offre aux organisations la possibilit\u00e9 de d\u00e9montrer qu'elles adoptent une approche coh\u00e9rente pour garantir la qualit\u00e9 de leurs produits et services.<\/p>\n<p>Cela vous aidera \u00e0:<\/p>\n<ul>\n<li>D\u00e9montrer la capacit\u00e9 de votre organisation \u00e0 fournir syst\u00e9matiquement des produits et services de qualit\u00e9<\/li>\n<li>R\u00e9pondez aux besoins de vos clients et aux exigences l\u00e9gales et r\u00e9glementaires<\/li>\n<li>Gagnez et fid\u00e9lisez plus de clients avec un meilleur service client<\/li>\n<li>Am\u00e9liorez les performances op\u00e9rationnelles en r\u00e9duisant les erreurs et en augmentant les b\u00e9n\u00e9fices<\/li>\n<li>Devenez un concurrent plus coh\u00e9rent sur votre march\u00e9<\/li>\n<li>\u00c9largissez les opportunit\u00e9s commerciales en d\u00e9montrant la conformit\u00e9<\/li>\n<\/ul>\n<p>&nbsp;<\/p>\n<h3>Transition from ISO 9001:2008 to ISO 9001:2015<\/h3>\n<p>Si votre organisation est certifi\u00e9e ISO 9001: 2008 et que vous souhaitez passer \u00e0 la derni\u00e8re version de la norme, vous avez jusqu'en septembre 2018 pour le faire. La plupart des organisations qui ont mis en \u0153uvre ISO 9001: 2008 constateront que leurs syst\u00e8mes existants r\u00e9pondent d\u00e9j\u00e0 \u00e0 de nombreuses exigences de la nouvelle norme et peuvent les maintenir en place.<\/p>\n<p>[\/et_pb_text][\/et_pb_column][\/et_pb_row][\/et_pb_section]<\/p>","protected":false},"excerpt":{"rendered":"<p>ISO 9001 for Quality Homepage \/ Data Governance &amp; Compliance \/ ISO 9001 for Quality ISO 9001 Quality Management Systems ISO 9001 is the international standard that sets out the criteria for a quality management system (QMS). Based on seven quality management principles, the Standard will help you to continually monitor and manage quality across [&hellip;]<\/p>","protected":false},"author":1,"featured_media":0,"parent":0,"menu_order":0,"comment_status":"closed","ping_status":"closed","template":"","meta":{"_et_pb_use_builder":"on","_et_pb_old_content":"","_et_gb_content_width":"","footnotes":""},"class_list":["post-15290","page","type-page","status-publish","hentry"],"yoast_head":"<!-- This site is optimized with the Yoast SEO Premium plugin v15.1.2 - https:\/\/yoast.com\/wordpress\/plugins\/seo\/ -->\n<title>ISO 9001 for Quality | Sertalink Belgium &amp; Luxembourg<\/title>\n<meta name=\"robots\" content=\"index, follow, max-snippet:-1, max-image-preview:large, max-video-preview:-1\" \/>\n<link rel=\"canonical\" href=\"https:\/\/www.cyberrange.be\/iso-9001\/\" \/>\n<meta property=\"og:locale\" content=\"fr_FR\" \/>\n<meta property=\"og:type\" content=\"article\" \/>\n<meta property=\"og:title\" content=\"ISO 9001 for Quality | Sertalink Belgium &amp; Luxembourg\" \/>\n<meta property=\"og:url\" content=\"https:\/\/www.cyberrange.be\/iso-9001\/\" \/>\n<meta property=\"og:site_name\" content=\"Sertalink Belgium &amp; Luxembourg\" \/>\n<meta property=\"article:publisher\" content=\"https:\/\/www.facebook.com\/sertalink\/\" \/>\n<meta property=\"article:modified_time\" content=\"2023-04-15T22:28:07+00:00\" \/>\n<meta name=\"twitter:card\" content=\"summary_large_image\" \/>\n<meta name=\"twitter:creator\" content=\"@sertalink_bnlx\" \/>\n<meta name=\"twitter:site\" content=\"@sertalink_bnlx\" \/>\n<script type=\"application\/ld+json\" class=\"yoast-schema-graph\">{\"@context\":\"https:\/\/schema.org\",\"@graph\":[{\"@type\":[\"Organization\",\"Place\"],\"@id\":\"https:\/\/sertalink.com\/fr\/#organization\",\"name\":\"Sertalink Belgium\",\"url\":\"https:\/\/sertalink.com\/fr\/\",\"sameAs\":[\"https:\/\/www.facebook.com\/sertalink\/\",\"https:\/\/www.linkedin.com\/company\/sertalink\/\",\"https:\/\/twitter.com\/sertalink_bnlx\"],\"logo\":{\"@type\":\"ImageObject\",\"@id\":\"https:\/\/sertalink.com\/fr\/#logo\",\"inLanguage\":\"fr-FR\",\"url\":\"https:\/\/sertalink.com\/wp-content\/uploads\/2016\/09\/sertaLinkLogo.png\",\"width\":90,\"height\":112,\"caption\":\"Sertalink Belgium\"},\"image\":{\"@id\":\"https:\/\/sertalink.com\/fr\/#logo\"},\"location\":{\"@id\":\"https:\/\/www.cyberrange.be\/iso-9001\/#local-place\"},\"address\":{\"@id\":\"https:\/\/www.cyberrange.be\/iso-9001\/#local-place-address\"},\"email\":\"sales@sertalink.com\",\"telephone\":\"+3293109351\",\"areaServed\":\"Benelux\",\"vatID\":\"BE 0632.806.125\"},{\"@type\":\"WebSite\",\"@id\":\"https:\/\/sertalink.com\/fr\/#website\",\"url\":\"https:\/\/sertalink.com\/fr\/\",\"name\":\"Sertalink Belgium &amp; Luxembourg\",\"description\":\"Your link to a safe environment\",\"publisher\":{\"@id\":\"https:\/\/sertalink.com\/fr\/#organization\"},\"potentialAction\":[{\"@type\":\"SearchAction\",\"target\":\"https:\/\/sertalink.com\/fr\/?s={search_term_string}\",\"query-input\":\"required name=search_term_string\"}],\"inLanguage\":\"fr-FR\"},{\"@type\":\"WebPage\",\"@id\":\"https:\/\/www.cyberrange.be\/iso-9001\/#webpage\",\"url\":\"https:\/\/www.cyberrange.be\/iso-9001\/\",\"name\":\"ISO 9001 for Quality | Sertalink Belgium &amp; Luxembourg\",\"isPartOf\":{\"@id\":\"https:\/\/sertalink.com\/fr\/#website\"},\"datePublished\":\"2023-02-02T15:20:34+00:00\",\"dateModified\":\"2023-04-15T22:28:07+00:00\",\"inLanguage\":\"fr-FR\",\"potentialAction\":[{\"@type\":\"ReadAction\",\"target\":[\"https:\/\/www.cyberrange.be\/iso-9001\/\"]}]},{\"@type\":\"Place\",\"@id\":\"https:\/\/www.cyberrange.be\/iso-9001\/#local-place\",\"address\":{\"@type\":\"PostalAddress\",\"@id\":\"https:\/\/www.cyberrange.be\/iso-9001\/#local-place-address\",\"streetAddress\":\"Gentse Steenweg 47\",\"addressLocality\":\"Lokeren\",\"postalCode\":\"9160\",\"addressRegion\":\"Oost-Vlaanderen\",\"addressCountry\":\"BE\"},\"geo\":{\"@type\":\"GeoCoordinates\",\"latitude\":\"\",\"longitude\":\"\"},\"openingHoursSpecification\":[{\"@type\":\"OpeningHoursSpecification\",\"dayOfWeek\":[\"Monday\",\"Tuesday\",\"Wednesday\",\"Thursday\",\"Friday\"],\"opens\":\"09:00\",\"closes\":\"17:30\"},{\"@type\":\"OpeningHoursSpecification\",\"dayOfWeek\":[\"Saturday\",\"Sunday\"],\"opens\":\"00:00\",\"closes\":\"00:00\"}],\"telephone\":\"+3293109351\"}]}<\/script>\n<meta name=\"geo.placename\" content=\"Lokeren\" \/>\n<meta name=\"geo.region\" content=\"Belgique\" \/>\n<!-- \/ Yoast SEO Premium plugin. -->","_links":{"self":[{"href":"https:\/\/sertalink.com\/fr\/wp-json\/wp\/v2\/pages\/15290","targetHints":{"allow":["GET"]}}],"collection":[{"href":"https:\/\/sertalink.com\/fr\/wp-json\/wp\/v2\/pages"}],"about":[{"href":"https:\/\/sertalink.com\/fr\/wp-json\/wp\/v2\/types\/page"}],"author":[{"embeddable":true,"href":"https:\/\/sertalink.com\/fr\/wp-json\/wp\/v2\/users\/1"}],"replies":[{"embeddable":true,"href":"https:\/\/sertalink.com\/fr\/wp-json\/wp\/v2\/comments?post=15290"}],"version-history":[{"count":7,"href":"https:\/\/sertalink.com\/fr\/wp-json\/wp\/v2\/pages\/15290\/revisions"}],"predecessor-version":[{"id":16762,"href":"https:\/\/sertalink.com\/fr\/wp-json\/wp\/v2\/pages\/15290\/revisions\/16762"}],"wp:attachment":[{"href":"https:\/\/sertalink.com\/fr\/wp-json\/wp\/v2\/media?parent=15290"}],"curies":[{"name":"wp","href":"https:\/\/api.w.org\/{rel}","templated":true}]}}