{"id":15288,"date":"2023-02-02T16:19:25","date_gmt":"2023-02-02T15:19:25","guid":{"rendered":"https:\/\/sertalink.com\/?page_id=15288"},"modified":"2023-04-16T00:21:05","modified_gmt":"2023-04-15T22:21:05","slug":"hipaa-compliant-hosting-for-european-based-organizations","status":"publish","type":"page","link":"https:\/\/sertalink.com\/fr\/hipaa-compliant-hosting-for-european-based-organizations\/","title":{"rendered":"H\u00e9bergement conforme HIPAA pour les organisations bas\u00e9es en Europe"},"content":{"rendered":"<p>[et_pb_section fb_built=&#8221;1&#8243; _builder_version=&#8221;4.9.2&#8243; _module_preset=&#8221;default&#8221; background_image=&#8221;https:\/\/sertalink.com\/wp-content\/uploads\/2023\/03\/purp2-1-1.png&#8221; background_position=&#8221;top_left&#8221; custom_padding=&#8221;13em||||false|false&#8221; hover_enabled=&#8221;0&#8243; da_disable_devices=&#8221;off|off|off&#8221; custom_padding_last_edited=&#8221;on|phone&#8221; custom_padding_phone=&#8221;5em||||false|false&#8221; sticky_enabled=&#8221;0&#8243; da_is_popup=&#8221;off&#8221; da_exit_intent=&#8221;off&#8221; da_has_close=&#8221;on&#8221; da_alt_close=&#8221;off&#8221; da_dark_close=&#8221;off&#8221; da_not_modal=&#8221;on&#8221; da_is_singular=&#8221;off&#8221; da_with_loader=&#8221;off&#8221; da_has_shadow=&#8221;on&#8221;][et_pb_row _builder_version=&#8221;4.9.2&#8243; _module_preset=&#8221;default&#8221; animation_style=&#8221;zoom&#8221; animation_intensity_zoom=&#8221;10%&#8221; animation_starting_opacity=&#8221;100%&#8221;][et_pb_column type=&#8221;4_4&#8243; _builder_version=&#8221;4.9.2&#8243; _module_preset=&#8221;default&#8221;][et_pb_text _builder_version=&#8221;4.9.2&#8243; _module_preset=&#8221;default&#8221; header_font=&#8221;Fjalla|700|||||||&#8221; header_text_color=&#8221;#FFFFFF&#8221; header_font_size=&#8221;50px&#8221; header_line_height=&#8221;1.2em&#8221; custom_margin=&#8221;||0px||false|false&#8221; custom_padding=&#8221;||||false|false&#8221; hover_enabled=&#8221;0&#8243; header_font_size_last_edited=&#8221;on|phone&#8221; header_font_size_phone=&#8221;35px&#8221; header_line_height_last_edited=&#8221;on|phone&#8221; header_line_height_phone=&#8221;1.4em&#8221; sticky_enabled=&#8221;0&#8243;]<\/p>\n<h1>H\u00e9bergement conforme HIPAA pour les organisations bas\u00e9es en Europe<\/h1>\n<p>[\/et_pb_text][et_pb_text _builder_version=&#8221;4.9.2&#8243; _module_preset=&#8221;default&#8221; text_font=&#8221;Montserrat Regular||||||||&#8221; text_text_color=&#8221;#bfbfbf&#8221; text_font_size=&#8221;16px&#8221; header_font=&#8221;Fjalla|700|||||||&#8221; header_text_color=&#8221;#FFFFFF&#8221; custom_margin=&#8221;||||false|false&#8221; custom_padding=&#8221;||||false|false&#8221;]<a href=\"https:\/\/sertalink.com\/fr\/\" style=\"color: #fff;\">Homepage<\/a> \/ <a href=\"https:\/\/sertalink.com\/fr\/?page_id=15216&amp;preview=true\" style=\"color: #fff;\">Data Governance &amp; Compliance<\/a> \/ HIPAA Compliant Hosting for European-based Organizations[\/et_pb_text][\/et_pb_column][\/et_pb_row][\/et_pb_section][et_pb_section fb_built=&#8221;1&#8243; _builder_version=&#8221;4.9.2&#8243; _module_preset=&#8221;default&#8221; hover_enabled=&#8221;0&#8243; da_disable_devices=&#8221;off|off|off&#8221; custom_padding_last_edited=&#8221;on|phone&#8221; custom_padding_phone=&#8221;10px||||false|false&#8221; sticky_enabled=&#8221;0&#8243; da_is_popup=&#8221;off&#8221; da_exit_intent=&#8221;off&#8221; da_has_close=&#8221;on&#8221; da_alt_close=&#8221;off&#8221; da_dark_close=&#8221;off&#8221; da_not_modal=&#8221;on&#8221; da_is_singular=&#8221;off&#8221; da_with_loader=&#8221;off&#8221; da_has_shadow=&#8221;on&#8221;][et_pb_row _builder_version=&#8221;4.9.2&#8243; _module_preset=&#8221;default&#8221; hover_enabled=&#8221;0&#8243; width_last_edited=&#8221;on|phone&#8221; width_phone=&#8221;85%&#8221; sticky_enabled=&#8221;0&#8243;][et_pb_column type=&#8221;4_4&#8243; _builder_version=&#8221;4.9.2&#8243; _module_preset=&#8221;default&#8221;][et_pb_text admin_label=&#8221;Text&#8221; _builder_version=&#8221;4.9.2&#8243; text_font=&#8221;Montserrat Regular||||||||&#8221; text_line_height=&#8221;1.5em&#8221; header_2_font=&#8221;Fjalla||||||||&#8221; header_3_font=&#8221;Fjalla||||||||&#8221; background_size=&#8221;initial&#8221; background_position=&#8221;top_left&#8221; background_repeat=&#8221;repeat&#8221; hover_enabled=&#8221;0&#8243; use_border_color=&#8221;off&#8221; border_color=&#8221;#ffffff&#8221; border_style=&#8221;solid&#8221; text_font_size_last_edited=&#8221;on|phone&#8221; text_font_size_phone=&#8221;15px&#8221; sticky_enabled=&#8221;0&#8243;]<\/p>\n<p>Afin d\u2019h\u00e9berger et\/ou de migrer des donn\u00e9es m\u00e9dicales transf\u00e9r\u00e9es de l\u2019Union europ\u00e9enne (UE), les fournisseurs d\u2019h\u00e9bergement am\u00e9ricains doivent suivre et participer au processus de certification de la sph\u00e8re de s\u00e9curit\u00e9 entre les \u00c9tats-Unis et l\u2019UE.<\/p>\n<p>La directive 95\/46\/CE de l\u2019UE est le mandat de l\u2019Union europ\u00e9enne (en collaboration avec la Convention europ\u00e9enne {CE}) pour la protection des personnes en ce qui concerne le traitement automatique des donn\u00e9es \u00e0 caract\u00e8re personnel. L\u2019information sur la sant\u00e9 rel\u00e8ve du champ d\u2019application de la pr\u00e9sente directive europ\u00e9enne. Le cadre de la sph\u00e8re de s\u00e9curit\u00e9 entre les \u00c9tats-Unis et l\u2019UE est un processus permettant aux organisations am\u00e9ricaines de se conformer \u00e0 cette norme europ\u00e9enne pour la protection de la vie priv\u00e9e des donn\u00e9es \u00e0 caract\u00e8re personnel provenant de pays participant \u00e0 l\u2019UE.<\/p>\n<p>Lorsqu\u2019il s\u2019agit de la protection des donn\u00e9es de cette nature, les environnements d\u2019h\u00e9bergement non-production (d\u00e9veloppement) ne sont pas li\u00e9s \u00e0 ces r\u00e8glements (si les renseignements sur la sant\u00e9 prot\u00e9g\u00e9s (PHI) et\/ou les dossiers m\u00e9dicaux \u00e9lectroniques (DME) ne r\u00e9sident pas sur ces syst\u00e8mes). Consid\u00e9rant que les syst\u00e8mes de \u00ab transition \u00bb et de \u00ab production \u00bb seraient n\u00e9cessaires pour suivre ces contraintes de protection des donn\u00e9es.<\/p>\n<p>Il existe des diff\u00e9rences entre la conformit\u00e9 HIPAA des \u00c9tats-Unis et les exigences de la sph\u00e8re de s\u00e9curit\u00e9 entre les \u00c9tats-Unis et l\u2019UE. La Loi sur la portabilit\u00e9 et la responsabilit\u00e9 en mati\u00e8re d\u2019information sur la sant\u00e9 (HIPAA) est davantage une ligne directrice, tandis que la confidentialit\u00e9 des donn\u00e9es de l\u2019UE est plus stricte lorsqu\u2019il s\u2019agit de mesures de protection de l\u2019information et de s\u00e9curit\u00e9 des donn\u00e9es.<\/p>\n<p>Les lignes directrices de l\u2019HIPAA suivent le Code de r\u00e9glementation f\u00e9d\u00e9rale (CFR) par lequel ils doivent se conformer \u00e0 la conformit\u00e9; Le Cadre \u00e9tats-uniens utilise les principes de confidentialit\u00e9 de la sph\u00e8re de s\u00e9curit\u00e9 comme r\u00e8gles fondamentales.<\/p>\n<p>En bref, HIPAA et US-EU Safe Harbor servent tous deux le m\u00eame but: la protection des donn\u00e9es priv\u00e9es (pour inclure les dossiers m\u00e9dicaux et les informations sur les patients).<\/p>\n<p>\u2013 HIPAA is regulated by the US Federal Government<br \/>\n\u2013 US-EU is regulated by the US Federal Government and the European Union<br \/>\n\u2013 Data being hosted in the US is bound to HIPAA, not to US-EU<br \/>\n\u2013 Data being hosted in the EU is not bound to HIPAA, nor to US-EU<br \/>\n\u2013 Data being hosted in the US [containing private data transferred from EU to US] is bound to HIPAA and US-EU<\/p>\n<p>[\/et_pb_text][\/et_pb_column][\/et_pb_row][\/et_pb_section]<\/p>","protected":false},"excerpt":{"rendered":"<p>HIPAA Compliant Hosting for European-based Organizations Homepage \/ Data Governance &amp; Compliance \/ HIPAA Compliant Hosting for European-based Organizations In order to host and\/or migrate medical data being transferred from the European Union (EU), US hosting providers have to undergo and partake in the U.S.-EU Safe Harbor certification process. EU Directive 95\/46\/EC is the European [&hellip;]<\/p>","protected":false},"author":1,"featured_media":0,"parent":0,"menu_order":0,"comment_status":"closed","ping_status":"closed","template":"","meta":{"_et_pb_use_builder":"on","_et_pb_old_content":"","_et_gb_content_width":"","footnotes":""},"class_list":["post-15288","page","type-page","status-publish","hentry"],"yoast_head":"<!-- This site is optimized with the Yoast SEO Premium plugin v15.1.2 - https:\/\/yoast.com\/wordpress\/plugins\/seo\/ -->\n<title>HIPAA Compliant Hosting for European-based Organizations | Sertalink Belgium &amp; Luxembourg<\/title>\n<meta name=\"robots\" content=\"index, follow, max-snippet:-1, max-image-preview:large, max-video-preview:-1\" \/>\n<link rel=\"canonical\" href=\"https:\/\/sertalink.com\/fr\/hipaa-compliant-hosting-for-european-based-organizations\/\" \/>\n<meta property=\"og:locale\" content=\"fr_FR\" \/>\n<meta property=\"og:type\" content=\"article\" \/>\n<meta property=\"og:title\" content=\"HIPAA Compliant Hosting for European-based Organizations | Sertalink Belgium &amp; Luxembourg\" \/>\n<meta property=\"og:url\" content=\"https:\/\/sertalink.com\/fr\/hipaa-compliant-hosting-for-european-based-organizations\/\" \/>\n<meta property=\"og:site_name\" content=\"Sertalink Belgium &amp; Luxembourg\" \/>\n<meta property=\"article:publisher\" content=\"https:\/\/www.facebook.com\/sertalink\/\" \/>\n<meta property=\"article:modified_time\" content=\"2023-04-15T22:21:05+00:00\" \/>\n<meta name=\"twitter:card\" content=\"summary_large_image\" \/>\n<meta name=\"twitter:creator\" content=\"@sertalink_bnlx\" \/>\n<meta name=\"twitter:site\" content=\"@sertalink_bnlx\" \/>\n<script type=\"application\/ld+json\" class=\"yoast-schema-graph\">{\"@context\":\"https:\/\/schema.org\",\"@graph\":[{\"@type\":[\"Organization\",\"Place\"],\"@id\":\"https:\/\/sertalink.com\/fr\/#organization\",\"name\":\"Sertalink Belgium\",\"url\":\"https:\/\/sertalink.com\/fr\/\",\"sameAs\":[\"https:\/\/www.facebook.com\/sertalink\/\",\"https:\/\/www.linkedin.com\/company\/sertalink\/\",\"https:\/\/twitter.com\/sertalink_bnlx\"],\"logo\":{\"@type\":\"ImageObject\",\"@id\":\"https:\/\/sertalink.com\/fr\/#logo\",\"inLanguage\":\"fr-FR\",\"url\":\"https:\/\/sertalink.com\/wp-content\/uploads\/2016\/09\/sertaLinkLogo.png\",\"width\":90,\"height\":112,\"caption\":\"Sertalink Belgium\"},\"image\":{\"@id\":\"https:\/\/sertalink.com\/fr\/#logo\"},\"location\":{\"@id\":\"https:\/\/sertalink.com\/nl\/hipaa-compliant-hosting-for-european-based-organizations\/#local-place\"},\"address\":{\"@id\":\"https:\/\/sertalink.com\/nl\/hipaa-compliant-hosting-for-european-based-organizations\/#local-place-address\"},\"email\":\"sales@sertalink.com\",\"telephone\":\"+3293109351\",\"areaServed\":\"Benelux\",\"vatID\":\"BE 0632.806.125\"},{\"@type\":\"WebSite\",\"@id\":\"https:\/\/sertalink.com\/fr\/#website\",\"url\":\"https:\/\/sertalink.com\/fr\/\",\"name\":\"Sertalink Belgium &amp; Luxembourg\",\"description\":\"Your link to a safe environment\",\"publisher\":{\"@id\":\"https:\/\/sertalink.com\/fr\/#organization\"},\"potentialAction\":[{\"@type\":\"SearchAction\",\"target\":\"https:\/\/sertalink.com\/fr\/?s={search_term_string}\",\"query-input\":\"required name=search_term_string\"}],\"inLanguage\":\"fr-FR\"},{\"@type\":\"WebPage\",\"@id\":\"https:\/\/sertalink.com\/nl\/hipaa-compliant-hosting-for-european-based-organizations\/#webpage\",\"url\":\"https:\/\/sertalink.com\/nl\/hipaa-compliant-hosting-for-european-based-organizations\/\",\"name\":\"HIPAA Compliant Hosting for European-based Organizations | Sertalink Belgium &amp; Luxembourg\",\"isPartOf\":{\"@id\":\"https:\/\/sertalink.com\/fr\/#website\"},\"datePublished\":\"2023-02-02T15:19:25+00:00\",\"dateModified\":\"2023-04-15T22:21:05+00:00\",\"inLanguage\":\"fr-FR\",\"potentialAction\":[{\"@type\":\"ReadAction\",\"target\":[\"https:\/\/sertalink.com\/nl\/hipaa-compliant-hosting-for-european-based-organizations\/\"]}]},{\"@type\":\"Place\",\"@id\":\"https:\/\/sertalink.com\/nl\/hipaa-compliant-hosting-for-european-based-organizations\/#local-place\",\"address\":{\"@type\":\"PostalAddress\",\"@id\":\"https:\/\/sertalink.com\/nl\/hipaa-compliant-hosting-for-european-based-organizations\/#local-place-address\",\"streetAddress\":\"Gentse Steenweg 47\",\"addressLocality\":\"Lokeren\",\"postalCode\":\"9160\",\"addressRegion\":\"Oost-Vlaanderen\",\"addressCountry\":\"BE\"},\"geo\":{\"@type\":\"GeoCoordinates\",\"latitude\":\"\",\"longitude\":\"\"},\"openingHoursSpecification\":[{\"@type\":\"OpeningHoursSpecification\",\"dayOfWeek\":[\"Monday\",\"Tuesday\",\"Wednesday\",\"Thursday\",\"Friday\"],\"opens\":\"09:00\",\"closes\":\"17:30\"},{\"@type\":\"OpeningHoursSpecification\",\"dayOfWeek\":[\"Saturday\",\"Sunday\"],\"opens\":\"00:00\",\"closes\":\"00:00\"}],\"telephone\":\"+3293109351\"}]}<\/script>\n<meta name=\"geo.placename\" content=\"Lokeren\" \/>\n<meta name=\"geo.region\" content=\"Belgique\" \/>\n<!-- \/ Yoast SEO Premium plugin. -->","_links":{"self":[{"href":"https:\/\/sertalink.com\/fr\/wp-json\/wp\/v2\/pages\/15288","targetHints":{"allow":["GET"]}}],"collection":[{"href":"https:\/\/sertalink.com\/fr\/wp-json\/wp\/v2\/pages"}],"about":[{"href":"https:\/\/sertalink.com\/fr\/wp-json\/wp\/v2\/types\/page"}],"author":[{"embeddable":true,"href":"https:\/\/sertalink.com\/fr\/wp-json\/wp\/v2\/users\/1"}],"replies":[{"embeddable":true,"href":"https:\/\/sertalink.com\/fr\/wp-json\/wp\/v2\/comments?post=15288"}],"version-history":[{"count":6,"href":"https:\/\/sertalink.com\/fr\/wp-json\/wp\/v2\/pages\/15288\/revisions"}],"predecessor-version":[{"id":16756,"href":"https:\/\/sertalink.com\/fr\/wp-json\/wp\/v2\/pages\/15288\/revisions\/16756"}],"wp:attachment":[{"href":"https:\/\/sertalink.com\/fr\/wp-json\/wp\/v2\/media?parent=15288"}],"curies":[{"name":"wp","href":"https:\/\/api.w.org\/{rel}","templated":true}]}}