{"id":15286,"date":"2023-02-02T16:15:58","date_gmt":"2023-02-02T15:15:58","guid":{"rendered":"https:\/\/sertalink.com\/?page_id=15286"},"modified":"2023-04-16T00:10:38","modified_gmt":"2023-04-15T22:10:38","slug":"data-and-information-governance","status":"publish","type":"page","link":"https:\/\/sertalink.com\/fr\/data-and-information-governance\/","title":{"rendered":"Data \/ Information Governance"},"content":{"rendered":"<p>[et_pb_section fb_built=&#8221;1&#8243; _builder_version=&#8221;4.9.2&#8243; _module_preset=&#8221;default&#8221; background_image=&#8221;https:\/\/sertalink.com\/wp-content\/uploads\/2023\/03\/purp2-1-1.png&#8221; background_position=&#8221;top_left&#8221; custom_padding=&#8221;13em||||false|false&#8221; hover_enabled=&#8221;0&#8243; da_disable_devices=&#8221;off|off|off&#8221; custom_padding_last_edited=&#8221;on|phone&#8221; custom_padding_phone=&#8221;5em||||false|false&#8221; sticky_enabled=&#8221;0&#8243; da_is_popup=&#8221;off&#8221; da_exit_intent=&#8221;off&#8221; da_has_close=&#8221;on&#8221; da_alt_close=&#8221;off&#8221; da_dark_close=&#8221;off&#8221; da_not_modal=&#8221;on&#8221; da_is_singular=&#8221;off&#8221; da_with_loader=&#8221;off&#8221; da_has_shadow=&#8221;on&#8221;][et_pb_row _builder_version=&#8221;4.9.2&#8243; _module_preset=&#8221;default&#8221; animation_style=&#8221;zoom&#8221; animation_intensity_zoom=&#8221;10%&#8221; animation_starting_opacity=&#8221;100%&#8221; hover_enabled=&#8221;0&#8243; width_last_edited=&#8221;on|phone&#8221; width_phone=&#8221;85%&#8221; sticky_enabled=&#8221;0&#8243;][et_pb_column type=&#8221;4_4&#8243; _builder_version=&#8221;4.9.2&#8243; _module_preset=&#8221;default&#8221;][et_pb_text _builder_version=&#8221;4.9.2&#8243; _module_preset=&#8221;default&#8221; header_font=&#8221;Fjalla|700|||||||&#8221; header_text_color=&#8221;#FFFFFF&#8221; header_font_size=&#8221;50px&#8221; custom_margin=&#8221;||0px||false|false&#8221; custom_padding=&#8221;||||false|false&#8221; hover_enabled=&#8221;0&#8243; header_font_size_last_edited=&#8221;on|phone&#8221; header_font_size_phone=&#8221;35px&#8221; header_line_height_last_edited=&#8221;on|phone&#8221; header_line_height_phone=&#8221;1.4em&#8221; sticky_enabled=&#8221;0&#8243;]<\/p>\n<h1>Data \/ Information Governance<\/h1>\n<p>[\/et_pb_text][et_pb_text _builder_version=&#8221;4.9.2&#8243; _module_preset=&#8221;default&#8221; text_font=&#8221;Montserrat Regular||||||||&#8221; text_text_color=&#8221;#bfbfbf&#8221; text_font_size=&#8221;16px&#8221; header_font=&#8221;Fjalla|700|||||||&#8221; header_text_color=&#8221;#FFFFFF&#8221; custom_margin=&#8221;||||false|false&#8221; custom_padding=&#8221;||||false|false&#8221;]<a href=\"https:\/\/sertalink.com\/fr\/\" style=\"color: #fff;\">Homepage<\/a> \/ <a href=\"https:\/\/sertalink.com\/fr\/?page_id=15216&amp;preview=true\" style=\"color: #fff;\">Data Governance &amp; Compliance<\/a> \/ Data-Information Governance[\/et_pb_text][\/et_pb_column][\/et_pb_row][\/et_pb_section][et_pb_section fb_built=&#8221;1&#8243; _builder_version=&#8221;4.9.2&#8243; _module_preset=&#8221;default&#8221; hover_enabled=&#8221;0&#8243; da_disable_devices=&#8221;off|off|off&#8221; custom_padding_last_edited=&#8221;on|phone&#8221; custom_padding_phone=&#8221;10px||||false|false&#8221; sticky_enabled=&#8221;0&#8243; da_is_popup=&#8221;off&#8221; da_exit_intent=&#8221;off&#8221; da_has_close=&#8221;on&#8221; da_alt_close=&#8221;off&#8221; da_dark_close=&#8221;off&#8221; da_not_modal=&#8221;on&#8221; da_is_singular=&#8221;off&#8221; da_with_loader=&#8221;off&#8221; da_has_shadow=&#8221;on&#8221;][et_pb_row _builder_version=&#8221;4.9.2&#8243; _module_preset=&#8221;default&#8221; hover_enabled=&#8221;0&#8243; width_last_edited=&#8221;on|phone&#8221; width_phone=&#8221;85%&#8221; sticky_enabled=&#8221;0&#8243;][et_pb_column type=&#8221;4_4&#8243; _builder_version=&#8221;4.9.2&#8243; _module_preset=&#8221;default&#8221;][et_pb_text admin_label=&#8221;Text&#8221; _builder_version=&#8221;4.9.2&#8243; text_font=&#8221;Montserrat Regular||||||||&#8221; text_line_height=&#8221;1.5em&#8221; header_2_font=&#8221;Fjalla||||||||&#8221; header_2_text_color=&#8221;#000356&#8243; header_3_font=&#8221;Fjalla||||||||&#8221; header_3_text_color=&#8221;#000356&#8243; background_size=&#8221;initial&#8221; background_position=&#8221;top_left&#8221; background_repeat=&#8221;repeat&#8221; hover_enabled=&#8221;0&#8243; use_border_color=&#8221;off&#8221; border_color=&#8221;#ffffff&#8221; border_style=&#8221;solid&#8221; text_font_size_last_edited=&#8221;on|phone&#8221; text_font_size_phone=&#8221;15px&#8221; header_2_font_size_last_edited=&#8221;on|phone&#8221; header_2_font_size_phone=&#8221;20px&#8221; header_2_line_height_last_edited=&#8221;on|phone&#8221; header_2_line_height_phone=&#8221;1.4em&#8221; sticky_enabled=&#8221;0&#8243;]<\/p>\n<p>Le conseil d'administration de chaque organisation est directement responsable de la conformit\u00e9 avec les lois et r\u00e8glements relatifs \u00e0 la s\u00e9curit\u00e9 des donn\u00e9es, \u00e0 la conservation des donn\u00e9es et \u00e0 la gestion des enregistrements.<\/p>\n<p>Les sanctions en cas de non-respect de ces r\u00e9glementations sont s\u00e9v\u00e8res, allant de l'atteinte \u00e0 la r\u00e9putation, au prix des actions en passant par les poursuites p\u00e9nales, les amendes et la d\u00e9sertion de clients.<\/p>\n<p>Partout dans le monde, la l\u00e9gislation sur la protection des donn\u00e9es et la vie priv\u00e9e est de plus en plus importante et de plus en plus on\u00e9reuse. Cette page vous donnera une introduction rapide au d\u00e9fi de la protection des donn\u00e9es auquel vous \u00eates confront\u00e9.<\/p>\n<h2>Gouvernance de l'information dans le secteur public britannique<\/h2>\n<p>Le secteur public britannique est soumis \u00e0 un \u00e9ventail croissant de d\u00e9fis en mati\u00e8re de gouvernance de l'information. L'un des principaux d\u00e9fis consiste \u00e0 g\u00e9rer le chevauchement entre la loi sur la protection des donn\u00e9es (DPA) et la loi sur la libert\u00e9 de l'information (FOI).<\/p>\n<p>Lisez le document Protection des donn\u00e9es par rapport \u00e0 la libert\u00e9 de l'information pour obtenir des conseils pratiques et pratiques pour r\u00e9soudre ces probl\u00e8mes.<\/p>\n<p>D'autres ressources utiles comprennent:<\/p>\n<ul>\n<li>The Information Governance Toolkit: Data Protection, Caldicott, Confidentiality<\/li>\n<li>Data Protection Compliance in the UK<\/li>\n<li>ISO27799 \u2013 Health Infomatics &amp; Information Security in the Health Sector<\/li>\n<\/ul>\n<h2>Data Protection<\/h2>\n<p>Partout dans le monde, la l\u00e9gislation sur la protection des donn\u00e9es et la vie priv\u00e9e est de plus en plus importante et de plus en plus on\u00e9reuse. De nouvelles lois dans ce domaine \u00e9mergent \u00e9galement r\u00e9guli\u00e8rement. Bon nombre de ces lois se chevauchent ou se contredisent, et tr\u00e8s peu ont des directives d\u00e9taill\u00e9es de mise en \u0153uvre de la r\u00e9glementation ou une jurisprudence significative.<br \/>\nExisting legislation includes HIPAA, GLBA, SB 1386, OPPA , the Fair Credit Reporting Act (FCRA) in the US, Canada\u2019s PIPEDA, the EU\u2019s Data Protection Directive (implemented slightly differently in each EU country) and the EU Safe Harbor regulations (which enable US companies to escape prosecution under EU regulations), as well as UK legislation such as the Human Rights Act, the Regulation of Investigatory Powers Act and various telecommunications, distance selling and anti-spam measures. These all combine to make a significant compliance challenge for all organisations.<\/p>\n<p>Very specific guidance exists for the UK\u2019s Data Protection Act (DPA). All UK organisations must comply with the DPA and all public sector ones with the FOIA.<\/p>\n<p>La mise en \u0153uvre et le maintien d'un syst\u00e8me de gestion de la s\u00e9curit\u00e9 de l'information certifi\u00e9 ISO27001 est le moyen \u00e9vident de se conformer \u00e0 la DPA, en particulier au 7e principe, qui oblige les organisations \u00e0 prendre les mesures techniques et organisationnelles appropri\u00e9es pour s\u00e9curiser les donn\u00e9es personnelles.<\/p>\n<p>Au Royaume-Uni, les organisations du secteur public doivent \u00e9galement se conformer \u00e0 la Freedom of Information Act (FOIA).<\/p>\n<h2>International compliance<\/h2>\n<p>Il n'est pas facile pour les entreprises nord-am\u00e9ricaines et internationales d'identifier les \u00e9tapes qui pourraient les aider \u00e0 respecter ce large \u00e9ventail d'exigences de conformit\u00e9.<\/p>\n<p>C'est l\u00e0 que l'ISO \/ CEI 27002 peut \u00eatre particuli\u00e8rement utile. Il contient les meilleures pratiques internationales en mati\u00e8re de s\u00e9curit\u00e9 de l'information, et les concepts de confidentialit\u00e9, d'int\u00e9grit\u00e9 et de disponibilit\u00e9 des donn\u00e9es, qui sont au c\u0153ur de la norme ISO27002, sont \u00e9galement contenus dans la plupart des r\u00e9glementations relatives \u00e0 l'information.<\/p>\n<h2>Litigation<\/h2>\n<p>In today\u2019s increasingly litigious world, preparedness for litigation is a sensible way to manage a basic business risk. Electronic documents (which include all emails) are always critical to any court case, and organisations need to take appropriate action to ensure that they can comply with court requirements for the production of evidence.<\/p>\n<p>Best practice in this field is contained in BIP 008, the \u201cCode of Practice for Legal Admissibility and Evidential Weight of Information Stored Electronically\u201d.<\/p>\n<h2>Email, Information and Records Management<\/h2>\n<p>Le courrier \u00e9lectronique est essentiel \u00e0 la communication organisationnelle. Il existe des co\u00fbts et des risques potentiellement importants associ\u00e9s \u00e0 l'utilisation professionnelle du courrier \u00e9lectronique, y compris les risques op\u00e9rationnels, r\u00e9glementaires et de litige.<\/p>\n<p>Ces risques changent et \u00e9voluent, et les organisations devraient utiliser des cadres de meilleures pratiques pour guider leur r\u00e9ponse \u00e0 ces risques. Les organisations ont besoin de solutions de gestion, de r\u00e9tention, de maintenance et d'archivage des e-mails de bout en bout qui leur permettront de r\u00e9pondre simultan\u00e9ment aux exigences commerciales et r\u00e9glementaires actuelles et \u00e9mergentes.<\/p>\n<p>Les solutions de messagerie doivent fusionner avec les solutions de gestion des informations et des enregistrements. Outre les directives g\u00e9n\u00e9rales sur la s\u00e9curit\u00e9 de l'information de l'ISO27002, les organisations peuvent se tourner vers le cadre de gestion des enregistrements des meilleures pratiques contenu dans l'ISO15489.<\/p>\n<p>A more detailed specification for electronic records management is contained in Model Requirements for Management of Electronic Records (\u201cMoReq\u201d).<\/p>\n<h2>Data Retention Periods<\/h2>\n<p>Les p\u00e9riodes de conservation des donn\u00e9es sont un domaine auquel la plupart des entreprises n'accordent pas suffisamment d'attention.<\/p>\n<p>Le fait est que pour la plupart des entreprises, il existe une myriade de lois et de r\u00e9glementations qui d\u00e9terminent la dur\u00e9e de conservation des donn\u00e9es, y compris les informations de courrier \u00e9lectronique et de messagerie instantan\u00e9e.<\/p>\n<p>Bien s\u00fbr, tout ce domaine se complique de plus en plus si l'on consid\u00e8re que certains e-mails peuvent contenir des informations financi\u00e8res ou personnelles et doivent donc \u00eatre conserv\u00e9s pendant des p\u00e9riodes diff\u00e9rentes de celles des e-mails ordinaires.<\/p>\n<p>[\/et_pb_text][\/et_pb_column][\/et_pb_row][\/et_pb_section]<\/p>","protected":false},"excerpt":{"rendered":"<p>Data \/ Information Governance Homepage \/ Data Governance &amp; Compliance \/ Data-Information Governance The board of every organisation is directly responsible for ensuring it complies with the laws and regulations relating to data security, data retention and record management. The penalties for failing to with these regulations are severe, from reputation damage, share price damage [&hellip;]<\/p>","protected":false},"author":1,"featured_media":0,"parent":0,"menu_order":0,"comment_status":"closed","ping_status":"closed","template":"","meta":{"_et_pb_use_builder":"on","_et_pb_old_content":"","_et_gb_content_width":"","footnotes":""},"class_list":["post-15286","page","type-page","status-publish","hentry"],"yoast_head":"<!-- This site is optimized with the Yoast SEO Premium plugin v15.1.2 - https:\/\/yoast.com\/wordpress\/plugins\/seo\/ -->\n<title>Data \/ Information Governance | Sertalink Belgium &amp; Luxembourg<\/title>\n<meta name=\"robots\" content=\"index, follow, max-snippet:-1, max-image-preview:large, max-video-preview:-1\" \/>\n<link rel=\"canonical\" href=\"https:\/\/www.cyberrange.be\/data-and-information-governance\/\" \/>\n<meta property=\"og:locale\" content=\"fr_FR\" \/>\n<meta property=\"og:type\" content=\"article\" \/>\n<meta property=\"og:title\" content=\"Data \/ Information Governance | Sertalink Belgium &amp; Luxembourg\" \/>\n<meta property=\"og:url\" content=\"https:\/\/www.cyberrange.be\/data-and-information-governance\/\" \/>\n<meta property=\"og:site_name\" content=\"Sertalink Belgium &amp; Luxembourg\" \/>\n<meta property=\"article:publisher\" content=\"https:\/\/www.facebook.com\/sertalink\/\" \/>\n<meta property=\"article:modified_time\" content=\"2023-04-15T22:10:38+00:00\" \/>\n<meta name=\"twitter:card\" content=\"summary_large_image\" \/>\n<meta name=\"twitter:creator\" content=\"@sertalink_bnlx\" \/>\n<meta name=\"twitter:site\" content=\"@sertalink_bnlx\" \/>\n<script type=\"application\/ld+json\" class=\"yoast-schema-graph\">{\"@context\":\"https:\/\/schema.org\",\"@graph\":[{\"@type\":[\"Organization\",\"Place\"],\"@id\":\"https:\/\/sertalink.com\/fr\/#organization\",\"name\":\"Sertalink Belgium\",\"url\":\"https:\/\/sertalink.com\/fr\/\",\"sameAs\":[\"https:\/\/www.facebook.com\/sertalink\/\",\"https:\/\/www.linkedin.com\/company\/sertalink\/\",\"https:\/\/twitter.com\/sertalink_bnlx\"],\"logo\":{\"@type\":\"ImageObject\",\"@id\":\"https:\/\/sertalink.com\/fr\/#logo\",\"inLanguage\":\"fr-FR\",\"url\":\"https:\/\/sertalink.com\/wp-content\/uploads\/2016\/09\/sertaLinkLogo.png\",\"width\":90,\"height\":112,\"caption\":\"Sertalink Belgium\"},\"image\":{\"@id\":\"https:\/\/sertalink.com\/fr\/#logo\"},\"location\":{\"@id\":\"https:\/\/www.cyberrange.be\/data-and-information-governance\/#local-place\"},\"address\":{\"@id\":\"https:\/\/www.cyberrange.be\/data-and-information-governance\/#local-place-address\"},\"email\":\"sales@sertalink.com\",\"telephone\":\"+3293109351\",\"areaServed\":\"Benelux\",\"vatID\":\"BE 0632.806.125\"},{\"@type\":\"WebSite\",\"@id\":\"https:\/\/sertalink.com\/fr\/#website\",\"url\":\"https:\/\/sertalink.com\/fr\/\",\"name\":\"Sertalink Belgium &amp; Luxembourg\",\"description\":\"Your link to a safe environment\",\"publisher\":{\"@id\":\"https:\/\/sertalink.com\/fr\/#organization\"},\"potentialAction\":[{\"@type\":\"SearchAction\",\"target\":\"https:\/\/sertalink.com\/fr\/?s={search_term_string}\",\"query-input\":\"required name=search_term_string\"}],\"inLanguage\":\"fr-FR\"},{\"@type\":\"WebPage\",\"@id\":\"https:\/\/www.cyberrange.be\/data-and-information-governance\/#webpage\",\"url\":\"https:\/\/www.cyberrange.be\/data-and-information-governance\/\",\"name\":\"Data \/ Information Governance | Sertalink Belgium &amp; Luxembourg\",\"isPartOf\":{\"@id\":\"https:\/\/sertalink.com\/fr\/#website\"},\"datePublished\":\"2023-02-02T15:15:58+00:00\",\"dateModified\":\"2023-04-15T22:10:38+00:00\",\"inLanguage\":\"fr-FR\",\"potentialAction\":[{\"@type\":\"ReadAction\",\"target\":[\"https:\/\/www.cyberrange.be\/data-and-information-governance\/\"]}]},{\"@type\":\"Place\",\"@id\":\"https:\/\/www.cyberrange.be\/data-and-information-governance\/#local-place\",\"address\":{\"@type\":\"PostalAddress\",\"@id\":\"https:\/\/www.cyberrange.be\/data-and-information-governance\/#local-place-address\",\"streetAddress\":\"Gentse Steenweg 47\",\"addressLocality\":\"Lokeren\",\"postalCode\":\"9160\",\"addressRegion\":\"Oost-Vlaanderen\",\"addressCountry\":\"BE\"},\"geo\":{\"@type\":\"GeoCoordinates\",\"latitude\":\"\",\"longitude\":\"\"},\"openingHoursSpecification\":[{\"@type\":\"OpeningHoursSpecification\",\"dayOfWeek\":[\"Monday\",\"Tuesday\",\"Wednesday\",\"Thursday\",\"Friday\"],\"opens\":\"09:00\",\"closes\":\"17:30\"},{\"@type\":\"OpeningHoursSpecification\",\"dayOfWeek\":[\"Saturday\",\"Sunday\"],\"opens\":\"00:00\",\"closes\":\"00:00\"}],\"telephone\":\"+3293109351\"}]}<\/script>\n<meta name=\"geo.placename\" content=\"Lokeren\" \/>\n<meta name=\"geo.region\" content=\"Belgique\" \/>\n<!-- \/ Yoast SEO Premium plugin. -->","_links":{"self":[{"href":"https:\/\/sertalink.com\/fr\/wp-json\/wp\/v2\/pages\/15286","targetHints":{"allow":["GET"]}}],"collection":[{"href":"https:\/\/sertalink.com\/fr\/wp-json\/wp\/v2\/pages"}],"about":[{"href":"https:\/\/sertalink.com\/fr\/wp-json\/wp\/v2\/types\/page"}],"author":[{"embeddable":true,"href":"https:\/\/sertalink.com\/fr\/wp-json\/wp\/v2\/users\/1"}],"replies":[{"embeddable":true,"href":"https:\/\/sertalink.com\/fr\/wp-json\/wp\/v2\/comments?post=15286"}],"version-history":[{"count":8,"href":"https:\/\/sertalink.com\/fr\/wp-json\/wp\/v2\/pages\/15286\/revisions"}],"predecessor-version":[{"id":16751,"href":"https:\/\/sertalink.com\/fr\/wp-json\/wp\/v2\/pages\/15286\/revisions\/16751"}],"wp:attachment":[{"href":"https:\/\/sertalink.com\/fr\/wp-json\/wp\/v2\/media?parent=15286"}],"curies":[{"name":"wp","href":"https:\/\/api.w.org\/{rel}","templated":true}]}}