{"id":15279,"date":"2023-02-02T15:50:59","date_gmt":"2023-02-02T14:50:59","guid":{"rendered":"https:\/\/sertalink.com\/?page_id=15279"},"modified":"2023-04-16T00:02:30","modified_gmt":"2023-04-15T22:02:30","slug":"conduct-penetration-test-for-it-security","status":"publish","type":"page","link":"https:\/\/sertalink.com\/fr\/conduct-penetration-test-for-it-security\/","title":{"rendered":"Conduct Penetration Test for IT Security"},"content":{"rendered":"<p>[et_pb_section fb_built=&#8221;1&#8243; _builder_version=&#8221;4.9.2&#8243; _module_preset=&#8221;default&#8221; background_image=&#8221;https:\/\/sertalink.com\/wp-content\/uploads\/2023\/03\/purp2-1-1.png&#8221; background_position=&#8221;top_left&#8221; custom_padding=&#8221;13em||||false|false&#8221; hover_enabled=&#8221;0&#8243; da_disable_devices=&#8221;off|off|off&#8221; custom_padding_last_edited=&#8221;on|phone&#8221; custom_padding_phone=&#8221;5em||||false|false&#8221; sticky_enabled=&#8221;0&#8243; da_is_popup=&#8221;off&#8221; da_exit_intent=&#8221;off&#8221; da_has_close=&#8221;on&#8221; da_alt_close=&#8221;off&#8221; da_dark_close=&#8221;off&#8221; da_not_modal=&#8221;on&#8221; da_is_singular=&#8221;off&#8221; da_with_loader=&#8221;off&#8221; da_has_shadow=&#8221;on&#8221;][et_pb_row _builder_version=&#8221;4.9.2&#8243; _module_preset=&#8221;default&#8221; animation_style=&#8221;zoom&#8221; animation_intensity_zoom=&#8221;10%&#8221; animation_starting_opacity=&#8221;100%&#8221; hover_enabled=&#8221;0&#8243; width_last_edited=&#8221;on|phone&#8221; width_phone=&#8221;85%&#8221; sticky_enabled=&#8221;0&#8243;][et_pb_column type=&#8221;4_4&#8243; _builder_version=&#8221;4.9.2&#8243; _module_preset=&#8221;default&#8221;][et_pb_text _builder_version=&#8221;4.9.2&#8243; _module_preset=&#8221;default&#8221; header_font=&#8221;Fjalla|700|||||||&#8221; header_text_color=&#8221;#FFFFFF&#8221; header_font_size=&#8221;50px&#8221; custom_margin=&#8221;||0px||false|false&#8221; custom_padding=&#8221;||||false|false&#8221; hover_enabled=&#8221;0&#8243; header_font_size_last_edited=&#8221;on|phone&#8221; header_font_size_phone=&#8221;35px&#8221; header_line_height_last_edited=&#8221;on|phone&#8221; header_line_height_phone=&#8221;1.4em&#8221; sticky_enabled=&#8221;0&#8243;]<\/p>\n<h1>Conduct Penetration Test for IT Security<\/h1>\n<p>[\/et_pb_text][et_pb_text _builder_version=&#8221;4.9.2&#8243; _module_preset=&#8221;default&#8221; text_font=&#8221;Montserrat Regular||||||||&#8221; text_text_color=&#8221;#bfbfbf&#8221; text_font_size=&#8221;16px&#8221; header_font=&#8221;Fjalla|700|||||||&#8221; header_text_color=&#8221;#FFFFFF&#8221; custom_margin=&#8221;||||false|false&#8221; custom_padding=&#8221;||||false|false&#8221;]<a href=\"https:\/\/sertalink.com\/fr\/\" style=\"color: #fff;\">Homepage<\/a> \/ <a href=\"https:\/\/sertalink.com\/fr\/?page_id=15216&amp;preview=true\" style=\"color: #fff;\">Data Governance &amp; Compliance<\/a> \/ Conduct Penetration Test for IT Security[\/et_pb_text][\/et_pb_column][\/et_pb_row][\/et_pb_section][et_pb_section fb_built=&#8221;1&#8243; _builder_version=&#8221;4.9.2&#8243; _module_preset=&#8221;default&#8221; hover_enabled=&#8221;0&#8243; da_disable_devices=&#8221;off|off|off&#8221; custom_padding_last_edited=&#8221;on|phone&#8221; custom_padding_phone=&#8221;10px||||false|false&#8221; sticky_enabled=&#8221;0&#8243; da_is_popup=&#8221;off&#8221; da_exit_intent=&#8221;off&#8221; da_has_close=&#8221;on&#8221; da_alt_close=&#8221;off&#8221; da_dark_close=&#8221;off&#8221; da_not_modal=&#8221;on&#8221; da_is_singular=&#8221;off&#8221; da_with_loader=&#8221;off&#8221; da_has_shadow=&#8221;on&#8221;][et_pb_row _builder_version=&#8221;4.9.2&#8243; _module_preset=&#8221;default&#8221; hover_enabled=&#8221;0&#8243; sticky_enabled=&#8221;0&#8243; width_last_edited=&#8221;on|phone&#8221; width_phone=&#8221;85%&#8221;][et_pb_column type=&#8221;4_4&#8243; _builder_version=&#8221;4.9.2&#8243; _module_preset=&#8221;default&#8221;][et_pb_text admin_label=&#8221;Text&#8221; _builder_version=&#8221;4.9.2&#8243; text_font=&#8221;Montserrat Regular||||||||&#8221; text_line_height=&#8221;1.5em&#8221; header_2_font=&#8221;Fjalla||||||||&#8221; header_2_text_color=&#8221;#000356&#8243; header_3_font=&#8221;Fjalla||||||||&#8221; background_size=&#8221;initial&#8221; background_position=&#8221;top_left&#8221; background_repeat=&#8221;repeat&#8221; hover_enabled=&#8221;0&#8243; use_border_color=&#8221;off&#8221; border_color=&#8221;#ffffff&#8221; border_style=&#8221;solid&#8221; text_font_size_last_edited=&#8221;on|phone&#8221; text_font_size_phone=&#8221;15px&#8221; header_2_font_size_last_edited=&#8221;on|phone&#8221; header_2_font_size_phone=&#8221;20px&#8221; header_2_line_height_last_edited=&#8221;on|phone&#8221; header_2_line_height_phone=&#8221;1.4em&#8221; sticky_enabled=&#8221;0&#8243;]<\/p>\n<p><strong>20 raisons pour lesquelles vous devez effectuer un test de p\u00e9n\u00e9tration<\/strong><br \/>\nAlors que le nombre d'organisations ayant subi une cyberattaque va <strong>haut<\/strong>, l'horloge pour quand c'est ton tour tourne <strong>vers le bas<\/strong>. En fait, il est probable que votre horloge soit d\u00e9j\u00e0 \u00e9puis\u00e9e, vous ne l\u2019avez tout simplement pas encore remarqu\u00e9.<br \/>\nAu fil des jours, le piratage devient un processus plus automatis\u00e9, permettant aux utilisateurs d'ordinateurs non qualifi\u00e9s de devenir des cybercriminels \u00e0 succ\u00e8s. L'effort requis pour t\u00e9l\u00e9charger un logiciel de piratage et le faire fonctionner est extr\u00eamement faible.<\/p>\n<p>Les tests de p\u00e9n\u00e9tration r\u00e9guliers constituent une forme efficace de d\u00e9fense contre ces cyberattaques automatis\u00e9es. Une organisation qui m\u00e8ne <strong>regular penetration tests <\/strong>a une bien plus grande chance de bloquer les cyberattaques en raison de leur connaissance des vuln\u00e9rabilit\u00e9s.<\/p>\n<h2>Pourquoi vous devez effectuer un test de p\u00e9n\u00e9tration<\/h2>\n<p>The following list is taken from IT Governance\u2019s guide <strong>\u201820 compelling reasons why frequent penetration tests and vulnerability assessments are crucial\u2019<\/strong>. This guide will help you better understand the need for regular penetration tests, as well as provide you with the knowledge needed to create a strong board-level business case for penetration testing.<\/p>\n<h2>1- Le piratage est d\u00e9sormais devenu un processus automatis\u00e9<\/h2>\n<p>Les outils de piratage ont gagn\u00e9 en popularit\u00e9 et un catalogue de vuln\u00e9rabilit\u00e9s exploitables est facilement disponible en ligne. De tels outils permettent m\u00eame aux pirates novices d'acc\u00e9der \u00e0 des exploits complexes pour des attaques opportunistes.<\/p>\n<h2>2- Un test de p\u00e9n\u00e9tration vous aide \u00e0 trouver des vuln\u00e9rabilit\u00e9s et \u00e0 les corriger avant qu'un attaquant ne le fasse<\/h2>\n<p>Un test de p\u00e9n\u00e9tration peut \u00eatre compar\u00e9 \u00e0 un examen m\u00e9dical annuel. M\u00eame si vous pensez \u00eatre en bonne sant\u00e9, votre m\u00e9decin effectuera une s\u00e9rie de tests pour d\u00e9tecter les dangers qui n'ont pas encore d\u00e9velopp\u00e9 de sympt\u00f4mes.<\/p>\n<h2>3- Les tests de p\u00e9n\u00e9tration aideront \u00e0 r\u00e9v\u00e9ler des probl\u00e8mes dont vous ignoriez l'existence<\/h2>\n<p>La protection est id\u00e9ale, mais la d\u00e9tection est un must. Apr\u00e8s le piratage de la cha\u00eene de vente au d\u00e9tail populaire TJ Maxx, ils ont r\u00e9alis\u00e9 qu'ils perdaient des donn\u00e9es client depuis plus d'un an avant de d\u00e9couvrir la faille.<\/p>\n<h2>Les tests de p\u00e9n\u00e9tration d\u00e9couvrent les risques de s\u00e9curit\u00e9 critiques<\/h2>\n<ul>\n<li>Les vuln\u00e9rabilit\u00e9s et les types d'attaques \u00e9voluent constamment: trouver et \u00e9liminer de nouvelles vuln\u00e9rabilit\u00e9s est un d\u00e9fi permanent.<\/li>\n<li>Les tests Pen offrent une vue ind\u00e9pendante de l'efficacit\u00e9 des processus de s\u00e9curit\u00e9.<\/li>\n<li>Des tests fr\u00e9quents et complets signifient que les risques de s\u00e9curit\u00e9 \u00e9mergents peuvent \u00eatre d\u00e9couverts et \u00e9vit\u00e9s avant qu'ils ne causent des dommages.<\/li>\n<\/ul>\n<h2>Les tests de p\u00e9n\u00e9tration fournissent une base pour la strat\u00e9gie de s\u00e9curit\u00e9 de l'information et l'allocation des ressources<\/h2>\n<ul>\n<li>Les tests de p\u00e9n\u00e9tration offrent une \u00e9valuation \u00e9clair\u00e9e des vuln\u00e9rabilit\u00e9s et cat\u00e9gorisent le niveau de risque.<\/li>\n<li>Cela permet \u00e0 une organisation d'identifier de mani\u00e8re proactive les vuln\u00e9rabilit\u00e9s les plus critiques.<\/li>\n<li>Les activit\u00e9s de rem\u00e9diation peuvent \u00eatre hi\u00e9rarchis\u00e9es et les ressources de s\u00e9curit\u00e9 allou\u00e9es en cons\u00e9quence.<\/li>\n<li>En analysant l'efficacit\u00e9 des solutions de s\u00e9curit\u00e9 existantes, les tests de p\u00e9n\u00e9tration peuvent offrir une solution pour justifier les investissements futurs.<\/li>\n<\/ul>\n<h2>Les tests de p\u00e9n\u00e9tration font partie d'une approche d'att\u00e9nuation des risques rentable et cibl\u00e9e<\/h2>\n<ul>\n<li>Les tests de p\u00e9n\u00e9tration \u00e9valuent la capacit\u00e9 d'une organisation \u00e0 prot\u00e9ger ses r\u00e9seaux, ses applications et ses utilisateurs contre les attaquants qui tentent de contourner les contr\u00f4les de s\u00e9curit\u00e9 existants et d'obtenir un acc\u00e8s non autoris\u00e9 aux actifs prot\u00e9g\u00e9s.<\/li>\n<li>Un rapport de test technique complet sur les vuln\u00e9rabilit\u00e9s de s\u00e9curit\u00e9 identifi\u00e9es aide les \u00e9quipes de s\u00e9curit\u00e9 de l'information \u00e0 tirer des conclusions strat\u00e9giques et \u00e0 hi\u00e9rarchiser les efforts de correction.<\/li>\n<\/ul>\n<h2>Des tests fr\u00e9quents permettent de se conformer aux normes et r\u00e9glementations de l'industrie<\/h2>\n<ul>\n<li>Les tests de p\u00e9n\u00e9tration sont conformes aux aspects d'audit et de conformit\u00e9 des cadres et r\u00e9glementations tels que ISO 27001, PCI DSS, NIST, FISMA, HIPAA et Sarbanes-Oxley.<\/li>\n<li>Les tests peuvent permettre \u00e0 une organisation d'\u00e9viter des sanctions en cas de non-conformit\u00e9 en d\u00e9montrant un engagement envers la diligence raisonnable et la conformit\u00e9 en mati\u00e8re de s\u00e9curit\u00e9.<\/li>\n<\/ul>\n<h2>Les tests de p\u00e9n\u00e9tration fournissent aux \u00e9quipes de direction un aper\u00e7u du niveau de risque auquel une organisation est expos\u00e9e<\/h2>\n<ul>\n<li>Les tests de p\u00e9n\u00e9tration vous aident \u00e0 \u00e9viter les violations de donn\u00e9es susceptibles d'avoir un impact sur la r\u00e9putation et la marque de votre organisation.<\/li>\n<li>Un r\u00e9sum\u00e9 des r\u00e9sultats des tests explique les vuln\u00e9rabilit\u00e9s et pr\u00e9sente les risques et les probl\u00e8mes en termes clairs et non techniques.<\/li>\n<li>Une pr\u00e9sentation sur site et ax\u00e9e sur l\u2019activit\u00e9 des r\u00e9sultats des tests peut donner \u00e0 l\u2019\u00e9quipe de direction une vision claire de l\u2019\u00e9tat des risques de l\u2019organisation.<\/li>\n<\/ul>\n<h2>La gouvernance informatique associe des comp\u00e9tences techniques expertes \u00e0 une expertise approfondie de la gestion de la s\u00e9curit\u00e9 des informations<\/h2>\n<ul>\n<li>De vastes connaissances techniques et une exp\u00e9rience approfondie de la s\u00e9curit\u00e9 des informations, associ\u00e9es \u00e0 des tests accr\u00e9dit\u00e9s CREST, signifient que les tests r\u00e9pondent \u00e0 des normes industrielles rigoureuses.<\/li>\n<li>Les testeurs utilisent plusieurs outils et techniques \u00e9troitement align\u00e9s sur la m\u00e9thodologie de test de s\u00e9curit\u00e9 Open Source (OSSTM) et le projet Open Web Application Security (OWASP).<\/li>\n<li>Une combinaison d'analyses de vuln\u00e9rabilit\u00e9 automatis\u00e9es et de tests manuels avanc\u00e9s est appliqu\u00e9e.<\/li>\n<li>Tous les tests commencent par une s\u00e9ance de consultation d\u00e9taill\u00e9e pour identifier la profondeur et l'ampleur des tests requis.<\/li>\n<li>Une combinaison de solutions de test d'intrusion \u00e0 prix fixe et sur mesure signifie des prix et des services flexibles et transparents.<\/li>\n<li>Les consultants poss\u00e8dent une vaste expertise des syst\u00e8mes de gestion et obtiennent la certification ISO 27001 et PCI DSS (PCI QSA).<\/li>\n<li>Des conseils techniques ind\u00e9pendants des fournisseurs signifient que les ressources disponibles sont utilis\u00e9es autant que possible.<\/li>\n<li>La notification imm\u00e9diate de toute vuln\u00e9rabilit\u00e9 critique permet \u00e0 l'organisation d'agir rapidement.<\/li>\n<li>Des packages de tests de p\u00e9n\u00e9tration r\u00e9p\u00e9t\u00e9s sont disponibles \u00e0 prix r\u00e9duit.<\/li>\n<\/ul>\n<p>[\/et_pb_text][\/et_pb_column][\/et_pb_row][\/et_pb_section]<\/p>","protected":false},"excerpt":{"rendered":"<p>Conduct Penetration Test for IT Security Homepage \/ Data Governance &amp; Compliance \/ Conduct Penetration Test for IT Security 20 reasons why you need to conduct a penetration test While the number of organisations that have suffered a cyber attack goes up, the clock for when it\u2019s your turn is ticking down. In fact, it\u2019s [&hellip;]<\/p>","protected":false},"author":1,"featured_media":0,"parent":0,"menu_order":0,"comment_status":"closed","ping_status":"closed","template":"","meta":{"_et_pb_use_builder":"on","_et_pb_old_content":"","_et_gb_content_width":"","footnotes":""},"class_list":["post-15279","page","type-page","status-publish","hentry"],"yoast_head":"<!-- This site is optimized with the Yoast SEO Premium plugin v15.1.2 - https:\/\/yoast.com\/wordpress\/plugins\/seo\/ -->\n<title>Conduct Penetration Test for IT Security | Sertalink Belgium &amp; Luxembourg<\/title>\n<meta name=\"robots\" content=\"index, follow, max-snippet:-1, max-image-preview:large, max-video-preview:-1\" \/>\n<link rel=\"canonical\" href=\"https:\/\/www.cyberrange.be\/conduct-penetration-test-for-it-security\/\" \/>\n<meta property=\"og:locale\" content=\"fr_FR\" \/>\n<meta property=\"og:type\" content=\"article\" \/>\n<meta property=\"og:title\" content=\"Conduct Penetration Test for IT Security | Sertalink Belgium &amp; Luxembourg\" \/>\n<meta property=\"og:url\" content=\"https:\/\/www.cyberrange.be\/conduct-penetration-test-for-it-security\/\" \/>\n<meta property=\"og:site_name\" content=\"Sertalink Belgium &amp; Luxembourg\" \/>\n<meta property=\"article:publisher\" content=\"https:\/\/www.facebook.com\/sertalink\/\" \/>\n<meta property=\"article:modified_time\" content=\"2023-04-15T22:02:30+00:00\" \/>\n<meta name=\"twitter:card\" content=\"summary_large_image\" \/>\n<meta name=\"twitter:creator\" content=\"@sertalink_bnlx\" \/>\n<meta name=\"twitter:site\" content=\"@sertalink_bnlx\" \/>\n<script type=\"application\/ld+json\" class=\"yoast-schema-graph\">{\"@context\":\"https:\/\/schema.org\",\"@graph\":[{\"@type\":[\"Organization\",\"Place\"],\"@id\":\"https:\/\/sertalink.com\/fr\/#organization\",\"name\":\"Sertalink Belgium\",\"url\":\"https:\/\/sertalink.com\/fr\/\",\"sameAs\":[\"https:\/\/www.facebook.com\/sertalink\/\",\"https:\/\/www.linkedin.com\/company\/sertalink\/\",\"https:\/\/twitter.com\/sertalink_bnlx\"],\"logo\":{\"@type\":\"ImageObject\",\"@id\":\"https:\/\/sertalink.com\/fr\/#logo\",\"inLanguage\":\"fr-FR\",\"url\":\"https:\/\/sertalink.com\/wp-content\/uploads\/2016\/09\/sertaLinkLogo.png\",\"width\":90,\"height\":112,\"caption\":\"Sertalink Belgium\"},\"image\":{\"@id\":\"https:\/\/sertalink.com\/fr\/#logo\"},\"location\":{\"@id\":\"https:\/\/www.cyberrange.be\/conduct-penetration-test-for-it-security\/#local-place\"},\"address\":{\"@id\":\"https:\/\/www.cyberrange.be\/conduct-penetration-test-for-it-security\/#local-place-address\"},\"email\":\"sales@sertalink.com\",\"telephone\":\"+3293109351\",\"areaServed\":\"Benelux\",\"vatID\":\"BE 0632.806.125\"},{\"@type\":\"WebSite\",\"@id\":\"https:\/\/sertalink.com\/fr\/#website\",\"url\":\"https:\/\/sertalink.com\/fr\/\",\"name\":\"Sertalink Belgium &amp; Luxembourg\",\"description\":\"Your link to a safe environment\",\"publisher\":{\"@id\":\"https:\/\/sertalink.com\/fr\/#organization\"},\"potentialAction\":[{\"@type\":\"SearchAction\",\"target\":\"https:\/\/sertalink.com\/fr\/?s={search_term_string}\",\"query-input\":\"required name=search_term_string\"}],\"inLanguage\":\"fr-FR\"},{\"@type\":\"WebPage\",\"@id\":\"https:\/\/www.cyberrange.be\/conduct-penetration-test-for-it-security\/#webpage\",\"url\":\"https:\/\/www.cyberrange.be\/conduct-penetration-test-for-it-security\/\",\"name\":\"Conduct Penetration Test for IT Security | Sertalink Belgium &amp; Luxembourg\",\"isPartOf\":{\"@id\":\"https:\/\/sertalink.com\/fr\/#website\"},\"datePublished\":\"2023-02-02T14:50:59+00:00\",\"dateModified\":\"2023-04-15T22:02:30+00:00\",\"inLanguage\":\"fr-FR\",\"potentialAction\":[{\"@type\":\"ReadAction\",\"target\":[\"https:\/\/www.cyberrange.be\/conduct-penetration-test-for-it-security\/\"]}]},{\"@type\":\"Place\",\"@id\":\"https:\/\/www.cyberrange.be\/conduct-penetration-test-for-it-security\/#local-place\",\"address\":{\"@type\":\"PostalAddress\",\"@id\":\"https:\/\/www.cyberrange.be\/conduct-penetration-test-for-it-security\/#local-place-address\",\"streetAddress\":\"Gentse Steenweg 47\",\"addressLocality\":\"Lokeren\",\"postalCode\":\"9160\",\"addressRegion\":\"Oost-Vlaanderen\",\"addressCountry\":\"BE\"},\"geo\":{\"@type\":\"GeoCoordinates\",\"latitude\":\"\",\"longitude\":\"\"},\"openingHoursSpecification\":[{\"@type\":\"OpeningHoursSpecification\",\"dayOfWeek\":[\"Monday\",\"Tuesday\",\"Wednesday\",\"Thursday\",\"Friday\"],\"opens\":\"09:00\",\"closes\":\"17:30\"},{\"@type\":\"OpeningHoursSpecification\",\"dayOfWeek\":[\"Saturday\",\"Sunday\"],\"opens\":\"00:00\",\"closes\":\"00:00\"}],\"telephone\":\"+3293109351\"}]}<\/script>\n<meta name=\"geo.placename\" content=\"Lokeren\" \/>\n<meta name=\"geo.region\" content=\"Belgique\" \/>\n<!-- \/ Yoast SEO Premium plugin. -->","_links":{"self":[{"href":"https:\/\/sertalink.com\/fr\/wp-json\/wp\/v2\/pages\/15279","targetHints":{"allow":["GET"]}}],"collection":[{"href":"https:\/\/sertalink.com\/fr\/wp-json\/wp\/v2\/pages"}],"about":[{"href":"https:\/\/sertalink.com\/fr\/wp-json\/wp\/v2\/types\/page"}],"author":[{"embeddable":true,"href":"https:\/\/sertalink.com\/fr\/wp-json\/wp\/v2\/users\/1"}],"replies":[{"embeddable":true,"href":"https:\/\/sertalink.com\/fr\/wp-json\/wp\/v2\/comments?post=15279"}],"version-history":[{"count":8,"href":"https:\/\/sertalink.com\/fr\/wp-json\/wp\/v2\/pages\/15279\/revisions"}],"predecessor-version":[{"id":16748,"href":"https:\/\/sertalink.com\/fr\/wp-json\/wp\/v2\/pages\/15279\/revisions\/16748"}],"wp:attachment":[{"href":"https:\/\/sertalink.com\/fr\/wp-json\/wp\/v2\/media?parent=15279"}],"curies":[{"name":"wp","href":"https:\/\/api.w.org\/{rel}","templated":true}]}}