{"id":15191,"date":"2023-04-15T23:33:13","date_gmt":"2023-04-15T21:33:13","guid":{"rendered":"https:\/\/sertalink.com\/?page_id=15191"},"modified":"2023-09-04T12:48:27","modified_gmt":"2023-09-04T10:48:27","slug":"cookie-policy","status":"publish","type":"page","link":"https:\/\/sertalink.com\/fr\/cookie-policy\/","title":{"rendered":"Politique relative aux cookies"},"content":{"rendered":"<p>[et_pb_section fb_built=&#8221;1&#8243; custom_padding_last_edited=&#8221;on|phone&#8221; _builder_version=&#8221;4.9.2&#8243; _module_preset=&#8221;default&#8221; background_image=&#8221;https:\/\/sertalink.com\/wp-content\/uploads\/2023\/03\/purp2-1-1.png&#8221; background_position=&#8221;bottom_left&#8221; custom_padding=&#8221;13em||||false|false&#8221; custom_padding_tablet=&#8221;&#8221; custom_padding_phone=&#8221;5em||||false|false&#8221; da_disable_devices=&#8221;off|off|off&#8221; da_is_popup=&#8221;off&#8221; da_exit_intent=&#8221;off&#8221; da_has_close=&#8221;on&#8221; da_alt_close=&#8221;off&#8221; da_dark_close=&#8221;off&#8221; da_not_modal=&#8221;on&#8221; da_is_singular=&#8221;off&#8221; da_with_loader=&#8221;off&#8221; da_has_shadow=&#8221;on&#8221;][et_pb_row _builder_version=&#8221;4.9.2&#8243; _module_preset=&#8221;default&#8221; width_tablet=&#8221;&#8221; width_phone=&#8221;85%&#8221; width_last_edited=&#8221;on|phone&#8221; animation_style=&#8221;zoom&#8221; animation_intensity_zoom=&#8221;10%&#8221; animation_starting_opacity=&#8221;100%&#8221;][et_pb_column type=&#8221;4_4&#8243; _builder_version=&#8221;4.9.2&#8243; _module_preset=&#8221;default&#8221;][et_pb_text _builder_version=&#8221;4.9.2&#8243; _module_preset=&#8221;default&#8221; header_font=&#8221;Fjalla|700|||||||&#8221; header_text_color=&#8221;#FFFFFF&#8221; header_font_size=&#8221;50px&#8221; custom_margin=&#8221;||0px||false|false&#8221; custom_padding=&#8221;||||false|false&#8221; header_font_size_tablet=&#8221;&#8221; header_font_size_phone=&#8221;35px&#8221; header_font_size_last_edited=&#8221;on|phone&#8221;]<\/p>\n<h1>Politique relative aux cookies<\/h1>\n<p>[\/et_pb_text][et_pb_text _builder_version=&#8221;4.9.2&#8243; _module_preset=&#8221;default&#8221; text_font=&#8221;Montserrat Regular||||||||&#8221; text_text_color=&#8221;#bfbfbf&#8221; text_font_size=&#8221;16px&#8221; header_font=&#8221;Fjalla|700|||||||&#8221; header_text_color=&#8221;#FFFFFF&#8221; custom_margin=&#8221;||||false|false&#8221; custom_padding=&#8221;||||false|false&#8221;]<a href=\"https:\/\/sertalink.com\/fr\/\" style=\"color: #fff;\">Homepage<\/a> \/ Cookie Policy[\/et_pb_text][\/et_pb_column][\/et_pb_row][\/et_pb_section][et_pb_section fb_built=&#8221;1&#8243; custom_padding_last_edited=&#8221;on|phone&#8221; _builder_version=&#8221;4.9.2&#8243; _module_preset=&#8221;default&#8221; custom_padding_tablet=&#8221;&#8221; custom_padding_phone=&#8221;10px||||false|false&#8221; da_disable_devices=&#8221;off|off|off&#8221; da_is_popup=&#8221;off&#8221; da_exit_intent=&#8221;off&#8221; da_has_close=&#8221;on&#8221; da_alt_close=&#8221;off&#8221; da_dark_close=&#8221;off&#8221; da_not_modal=&#8221;on&#8221; da_is_singular=&#8221;off&#8221; da_with_loader=&#8221;off&#8221; da_has_shadow=&#8221;on&#8221;][et_pb_row _builder_version=&#8221;4.9.2&#8243; _module_preset=&#8221;default&#8221; width_tablet=&#8221;&#8221; width_phone=&#8221;85%&#8221; width_last_edited=&#8221;on|phone&#8221;][et_pb_column type=&#8221;4_4&#8243; _builder_version=&#8221;4.9.2&#8243; _module_preset=&#8221;default&#8221;][et_pb_text admin_label=&#8221;Text&#8221; _builder_version=&#8221;4.9.2&#8243; text_font=&#8221;Montserrat Regular||||||||&#8221; text_line_height=&#8221;1.2em&#8221; header_2_font=&#8221;Fjalla||||||||&#8221; header_2_text_color=&#8221;#000356&#8243; header_3_font=&#8221;Fjalla||||||||&#8221; header_3_text_color=&#8221;#000356&#8243; background_size=&#8221;initial&#8221; background_position=&#8221;top_left&#8221; background_repeat=&#8221;repeat&#8221; text_font_size_tablet=&#8221;&#8221; text_font_size_phone=&#8221;16px&#8221; text_font_size_last_edited=&#8221;on|phone&#8221; text_line_height_tablet=&#8221;&#8221; text_line_height_phone=&#8221;1.5em&#8221; text_line_height_last_edited=&#8221;on|phone&#8221; header_2_font_size_tablet=&#8221;&#8221; header_2_font_size_phone=&#8221;25px&#8221; header_2_font_size_last_edited=&#8221;on|phone&#8221; header_3_font_size_tablet=&#8221;&#8221; header_3_font_size_phone=&#8221;25px&#8221; header_3_font_size_last_edited=&#8221;on|phone&#8221; header_3_line_height_tablet=&#8221;&#8221; header_3_line_height_phone=&#8221;1.5em&#8221; header_3_line_height_last_edited=&#8221;on|phone&#8221; use_border_color=&#8221;off&#8221; border_color=&#8221;#ffffff&#8221; border_style=&#8221;solid&#8221;]<\/p>\n<h2><strong>D\u00e9claration de cookies de Sertalink<\/strong><\/h2>\n<p>Sertalink utilise des cookies et des technologies similaires sur le site Web de Sertalink pour offrir aux utilisateurs (\u00abvous\u00bb ou \u00abvotre\u00bb) la meilleure exp\u00e9rience de navigation possible<\/p>\n<p>Cette d\u00e9claration de cookies explique:<\/p>\n<ul>\n<li>ce que sont les cookies<\/li>\n<li>comment nous utilisons les cookies et technologies similaires,<\/li>\n<li>vos choix concernant l'acceptation des cookies et des technologies similaires.<\/li>\n<\/ul>\n<p>En cr\u00e9ant ou en vous connectant \u00e0 un compte en ligne avec nous ou en utilisant nos services en ligne, vous acceptez l'utilisation de cookies et de technologies similaires sur nos services en ligne aux fins que nous d\u00e9crivons dans la pr\u00e9sente d\u00e9claration de cookies.<\/p>\n<p>&nbsp;<\/p>\n<h3><strong>Que sont les cookies?<\/strong><\/h3>\n<p>Un cookie est un petit fichier texte, plac\u00e9 sur votre PC, tablette ou t\u00e9l\u00e9phone mobile (collectivement \u00ab appareils \u00bb et individuellement \u00ab un appareil \u00bb) lorsque vous visitez un service en ligne. Les cookies renvoient des informations au service en ligne d\u2019origine ou \u00e0 un autre service en ligne qui reconna\u00eet ce cookie.<\/p>\n<p>Les cookies peuvent \u00eatre permanents (cookies persistants) et rester sur votre appareil jusqu\u2019\u00e0 ce que vous les supprimez ou les effacez, soit temporaires (cookies de session) o\u00f9 ils restent jusqu\u2019\u00e0 ce que vous fermiez votre navigateur.<\/p>\n<p>Les cookies peuvent \u00e9galement \u00eatre soit des cookies de premi\u00e8re partie qui sont fix\u00e9s par le service en ligne que vous visitez, ou des cookies tiers qui sont fix\u00e9s par un service en ligne autre que le service en ligne que vous visitez.<\/p>\n<p>Les cookies nous aident \u00e0 faire des choses telles que:<\/p>\n<ul>\n<li>identifier votre appareil lorsque vous utilisez nos services en ligne;<\/li>\n<li>identifier le navigateur que vous utilisez;<\/li>\n<li>identifier les pages sp\u00e9cifiques que vous consultez ainsi que l'heure et la date auxquelles vous avez visit\u00e9 nos services en ligne;<\/li>\n<li>souvenez-vous de vous \u00e0 votre retour;<\/li>\n<li>vous offrir une exp\u00e9rience de navigation plus rapide, meilleure et plus s\u00fbre;<\/li>\n<li>garder une trace de vos pr\u00e9f\u00e9rences;<\/li>\n<li>vous offrir une exp\u00e9rience plus personnalis\u00e9e; et<\/li>\n<li>mesurer et analyser les mod\u00e8les de trafic et le comportement des utilisateurs sur nos services en ligne.<\/li>\n<\/ul>\n<p>&nbsp;<\/p>\n<h3><strong>Comment nous utilisons les cookies<\/strong><\/h3>\n<p>Nous utilisons diff\u00e9rents types de cookies \u00e0 diff\u00e9rentes fins, notamment les suivantes:<\/p>\n<p><strong>Connexion et authentification<\/strong>\u00a0- pour v\u00e9rifier votre compte, rappelez-vous lorsque vous vous connectez pour ne pas avoir \u00e0 vous connecter \u00e0 chaque fois, et restez connect\u00e9 afin de pouvoir naviguer facilement entre les pages de nos services en ligne.<\/p>\n<p><strong>Vos pr\u00e9f\u00e9rences et param\u00e8tres<\/strong>\u00a0- pour nous aider \u00e0 nous souvenir de vos pr\u00e9f\u00e9rences, y compris votre langue pr\u00e9f\u00e9r\u00e9e, les param\u00e8tres de votre navigateur et vos pr\u00e9f\u00e9rences de communication et de d\u00e9sinscription, afin qu'ils n'aient pas \u00e0 \u00eatre r\u00e9initialis\u00e9s chaque fois que vous revenez sur nos services en ligne.<\/p>\n<p><strong>Performance<\/strong>\u00a0- \u00e9valuer les performances de nos services en ligne et am\u00e9liorer les fonctionnalit\u00e9s, les fonctions, le contenu et la conception de nos services en ligne.<\/p>\n<p><strong>Analytics and Research<\/strong>\u00a0\u2013 to collect usage and performance data in relation to our Online Services. For example, we may use cookies to count the number of unique visitors to pages on our Sites, what content was viewed and what links were clicked on, to log users\u2019 IP addresses in order to analyze trends and to compile other statistics about use of our Online Services and user behavior. These cookies include our cookies and third party cookies.<\/p>\n<p><strong>S\u00e9curit\u00e9<\/strong>\u00a0- pour activer et prendre en charge nos fonctionnalit\u00e9s de s\u00e9curit\u00e9, pour prot\u00e9ger votre compte et pour nous aider \u00e0 lutter contre la fraude et toute activit\u00e9 sur nos services en ligne qui enfreint nos politiques ou la loi applicable.<\/p>\n<p>&nbsp;<\/p>\n<h3><strong>Cookies et technologies similaires utilis\u00e9es par nous et des tiers<\/strong><\/h3>\n<p>Sertalink utilise les cookies suivants:<\/p>\n<p><strong>Cookies strictement n\u00e9cessaires<\/strong><\/p>\n<p>Ces cookies sont essentiels au fonctionnement technique et au bon fonctionnement de nos Services en ligne, et vous permettent de vous inscrire et de vous connecter, de vous d\u00e9placer facilement dans nos Services en ligne et d'acc\u00e9der \u00e0 des zones s\u00e9curis\u00e9es. Sans ces cookies, nos services en ligne ne fonctionneront pas correctement.<\/p>\n<p><strong>Cookies de performance<\/strong><\/p>\n<p>Les cookies de performance nous permettent de collecter des donn\u00e9es agr\u00e9g\u00e9es et anonymes sur la fa\u00e7on dont nos services en ligne sont utilis\u00e9s, tels que le nombre de visiteurs de nos services en ligne, la fa\u00e7on dont vous naviguez et le temps pass\u00e9 sur nos services en ligne, ainsi que pour identifier les erreurs de fonctionnalit\u00e9. Ces cookies nous aident \u00e9galement \u00e0 am\u00e9liorer le fonctionnement de nos services en ligne en veillant \u00e0 ce que vous puissiez trouver facilement ce que vous recherchez, \u00e0 mieux comprendre ce qui vous int\u00e9resse et \u00e0 mesurer l'efficacit\u00e9 du contenu de nos services en ligne. Ces cookies peuvent \u00eatre des cookies permanents ou temporaires, ou des cookies propri\u00e9taires ou tiers.<\/p>\n<p><strong>Cookies fonctionnels<\/strong><\/p>\n<p>Ces cookies nous aident \u00e0 am\u00e9liorer et \u00e0 personnaliser votre exp\u00e9rience de navigation en stockant vos pr\u00e9f\u00e9rences et en fournissant des fonctionnalit\u00e9s am\u00e9lior\u00e9es.<\/p>\n<p><strong>Cookies tiers et technologies similaires<\/strong><\/p>\n<p>Nos services en ligne affichent le contenu et les fonctionnalit\u00e9s des r\u00e9seaux sociaux de tiers, y compris le bouton \u00abJ'aime\u00bb de Facebook, le bouton \u00abSuivre\u00bb de Twitter et le bouton \u00abPartager\u00bb de LinkedIn sur nos services en ligne. Lorsque vous visitez des pages Web contenant du contenu tiers, les cookies utilis\u00e9s par ces tiers peuvent suivre votre utilisation de nos services en ligne et collecter des informations telles que votre adresse IP et les pages que vous visitez.<\/p>\n<p>Des tiers peuvent \u00e9galement utiliser des technologies similaires aux cookies, telles que des balises Web (GIF transparents int\u00e9gr\u00e9s sur des pages Web), des objets partag\u00e9s locaux (\u00e9galement appel\u00e9s cookies flash, c'est-\u00e0-dire des messages utilis\u00e9s dans Adobe Flash) qui sont envoy\u00e9s d'un serveur Web \u00e0 un navigateur Web. et sont ensuite stock\u00e9s sous forme de fichier de donn\u00e9es dans un navigateur) pour nous aider \u00e0 vous fournir un contenu personnalis\u00e9 sur nos services en ligne.<\/p>\n<p>Les cookies tiers et les technologies similaires utilisent les informations de navigation collect\u00e9es pour faire des choses telles que:<\/p>\n<ul>\n<li>compter le nombre de visiteurs de nos services en ligne;<\/li>\n<li>identifier les pages Web que vous consultez et les liens sur lesquels vous cliquez et les autres actions que vous effectuez sur ces pages Web; et<\/li>\n<li>Identifiez le service en ligne dont vous \u00eates venu avant d'arriver \u00e0 une page Web particuli\u00e8re.<\/li>\n<\/ul>\n<p>Nous utilisons \u00e9galement des outils d'analyse tiers tels que Google Analytics qui utilisent des cookies et des technologies similaires pour collecter des donn\u00e9es sur vos activit\u00e9s en ligne, afin d'analyser votre comportement sur nos services en ligne et nos activit\u00e9s et tendances. Ces donn\u00e9es nous aident \u00e0 compiler des statistiques agr\u00e9g\u00e9es sur l'efficacit\u00e9 de nos campagnes marketing ou d'autres op\u00e9rations. Veuillez noter que nous ne contr\u00f4lons pas l'utilisation des cookies tiers et des technologies similaires.<\/p>\n<p>&nbsp;<\/p>\n<h3><strong>Vos choix de cookies<\/strong><\/h3>\n<p>Si vous ne souhaitez pas recevoir de cookies ou modifier vos pr\u00e9f\u00e9rences en mati\u00e8re de cookies, la plupart des navigateurs vous permettent de modifier les param\u00e8tres de votre navigateur pour bloquer ou supprimer les cookies. La fonction \"aide\" de votre navigateur vous indiquera comment proc\u00e9der.<\/p>\n<p>Vous devez savoir que si vous bloquez ou supprimez les cookies, nos services en ligne peuvent ne pas fonctionner correctement et vous ne pourrez peut-\u00eatre pas acc\u00e9der \u00e0 certaines zones.<\/p>\n<h3><\/h3>\n<h3><strong>Mises \u00e0 jour de cette d\u00e9claration de cookie<\/strong><\/h3>\n<p>Nous pouvons mettre \u00e0 jour cette d\u00e9claration de cookies \u00e0 tout moment. Si nous le faisons, nous mettrons \u00e0 jour la section \u00abDerni\u00e8re modification\u00bb au bas de cette d\u00e9claration de cookies.<\/p>\n<p>Nous vous encourageons \u00e0 consulter r\u00e9guli\u00e8rement cette d\u00e9claration de cookies pour rester inform\u00e9 de notre utilisation des cookies.<\/p>\n<p>&nbsp;<\/p>\n<h3><strong>Comment nous contacter<\/strong><\/h3>\n<p>Si vous avez des questions concernant cette d\u00e9claration de cookies, veuillez nous contacter.<\/p>\n<p>Vous pouvez nous joindre au <a href=\"mailto:privacy@sertalink.com\">privacy@sertalink.com<\/a>\u00a0\u00a0ou \u00e0:<\/p>\n<p><strong>Sertalink<\/strong><br \/>Attn:\u00a0Data Protection Officer<br \/>Nieuwe Baan 17,<\/p>\n<p>9111 Belsele<\/p>\n<p>Belgique<\/p>\n<p><strong>Derni\u00e8re modification:<\/strong> April 17, 2022<\/p>\n<p>&nbsp;<\/p>\n<p><strong>Pour plus d'informations sur les cookies, veuillez cliquer sur <\/strong><strong><a href=\"https:\/\/cookiepedia.co.uk\/giving-consent-to-cookies\">ici<\/a><\/strong><\/p>\n<p>[\/et_pb_text][\/et_pb_column][\/et_pb_row][\/et_pb_section]<\/p>","protected":false},"excerpt":{"rendered":"<p>Cookie PolicyHomepage \/ Cookie PolicySertalink Cookies Statement Sertalink uses cookies and similar technologies on Sertalink\u2019s website to give users (\u201cyou\u201d or \u201cyour\u201d) the best possible browsing experience. This Cookies Statement explains: what cookies are, how we use cookies and similar technologies, your choices regarding acceptance of cookies and similar technologies. By creating or logging in [&hellip;]<\/p>","protected":false},"author":1,"featured_media":0,"parent":0,"menu_order":0,"comment_status":"closed","ping_status":"closed","template":"","meta":{"_et_pb_use_builder":"on","_et_pb_old_content":"","_et_gb_content_width":"","footnotes":""},"class_list":["post-15191","page","type-page","status-publish","hentry"],"yoast_head":"<!-- This site is optimized with the Yoast SEO Premium plugin v15.1.2 - https:\/\/yoast.com\/wordpress\/plugins\/seo\/ -->\n<title>Cookie Policy | Sertalink Belgium &amp; Luxembourg<\/title>\n<meta name=\"robots\" content=\"index, follow, max-snippet:-1, max-image-preview:large, max-video-preview:-1\" \/>\n<link rel=\"canonical\" href=\"https:\/\/sertalink.com\/fr\/cookie-policy\/\" \/>\n<meta property=\"og:locale\" content=\"fr_FR\" \/>\n<meta property=\"og:type\" content=\"article\" \/>\n<meta property=\"og:title\" content=\"Cookie Policy | Sertalink Belgium &amp; Luxembourg\" \/>\n<meta property=\"og:url\" content=\"https:\/\/sertalink.com\/fr\/cookie-policy\/\" \/>\n<meta property=\"og:site_name\" content=\"Sertalink Belgium &amp; Luxembourg\" \/>\n<meta property=\"article:publisher\" content=\"https:\/\/www.facebook.com\/sertalink\/\" \/>\n<meta property=\"article:modified_time\" content=\"2023-09-04T10:48:27+00:00\" \/>\n<meta name=\"twitter:card\" content=\"summary_large_image\" \/>\n<meta name=\"twitter:creator\" content=\"@sertalink_bnlx\" \/>\n<meta name=\"twitter:site\" content=\"@sertalink_bnlx\" \/>\n<script type=\"application\/ld+json\" class=\"yoast-schema-graph\">{\"@context\":\"https:\/\/schema.org\",\"@graph\":[{\"@type\":[\"Organization\",\"Place\"],\"@id\":\"https:\/\/sertalink.com\/fr\/#organization\",\"name\":\"Sertalink Belgium\",\"url\":\"https:\/\/sertalink.com\/fr\/\",\"sameAs\":[\"https:\/\/www.facebook.com\/sertalink\/\",\"https:\/\/www.linkedin.com\/company\/sertalink\/\",\"https:\/\/twitter.com\/sertalink_bnlx\"],\"logo\":{\"@type\":\"ImageObject\",\"@id\":\"https:\/\/sertalink.com\/fr\/#logo\",\"inLanguage\":\"fr-FR\",\"url\":\"https:\/\/sertalink.com\/wp-content\/uploads\/2016\/09\/sertaLinkLogo.png\",\"width\":90,\"height\":112,\"caption\":\"Sertalink Belgium\"},\"image\":{\"@id\":\"https:\/\/sertalink.com\/fr\/#logo\"},\"location\":{\"@id\":\"https:\/\/sertalink.com\/cookie-policy\/#local-place\"},\"address\":{\"@id\":\"https:\/\/sertalink.com\/cookie-policy\/#local-place-address\"},\"email\":\"sales@sertalink.com\",\"telephone\":\"+3293109351\",\"areaServed\":\"Benelux\",\"vatID\":\"BE 0632.806.125\"},{\"@type\":\"WebSite\",\"@id\":\"https:\/\/sertalink.com\/fr\/#website\",\"url\":\"https:\/\/sertalink.com\/fr\/\",\"name\":\"Sertalink Belgium &amp; Luxembourg\",\"description\":\"Your link to a safe environment\",\"publisher\":{\"@id\":\"https:\/\/sertalink.com\/fr\/#organization\"},\"potentialAction\":[{\"@type\":\"SearchAction\",\"target\":\"https:\/\/sertalink.com\/fr\/?s={search_term_string}\",\"query-input\":\"required name=search_term_string\"}],\"inLanguage\":\"fr-FR\"},{\"@type\":\"WebPage\",\"@id\":\"https:\/\/sertalink.com\/cookie-policy\/#webpage\",\"url\":\"https:\/\/sertalink.com\/cookie-policy\/\",\"name\":\"Cookie Policy | Sertalink Belgium &amp; Luxembourg\",\"isPartOf\":{\"@id\":\"https:\/\/sertalink.com\/fr\/#website\"},\"datePublished\":\"2023-04-15T21:33:13+00:00\",\"dateModified\":\"2023-09-04T10:48:27+00:00\",\"inLanguage\":\"fr-FR\",\"potentialAction\":[{\"@type\":\"ReadAction\",\"target\":[\"https:\/\/sertalink.com\/cookie-policy\/\"]}]},{\"@type\":\"Place\",\"@id\":\"https:\/\/sertalink.com\/cookie-policy\/#local-place\",\"address\":{\"@type\":\"PostalAddress\",\"@id\":\"https:\/\/sertalink.com\/cookie-policy\/#local-place-address\",\"streetAddress\":\"Gentse Steenweg 47\",\"addressLocality\":\"Lokeren\",\"postalCode\":\"9160\",\"addressRegion\":\"Oost-Vlaanderen\",\"addressCountry\":\"BE\"},\"geo\":{\"@type\":\"GeoCoordinates\",\"latitude\":\"\",\"longitude\":\"\"},\"openingHoursSpecification\":[{\"@type\":\"OpeningHoursSpecification\",\"dayOfWeek\":[\"Monday\",\"Tuesday\",\"Wednesday\",\"Thursday\",\"Friday\"],\"opens\":\"09:00\",\"closes\":\"17:30\"},{\"@type\":\"OpeningHoursSpecification\",\"dayOfWeek\":[\"Saturday\",\"Sunday\"],\"opens\":\"00:00\",\"closes\":\"00:00\"}],\"telephone\":\"+3293109351\"}]}<\/script>\n<meta name=\"geo.placename\" content=\"Lokeren\" \/>\n<meta name=\"geo.region\" content=\"Belgique\" \/>\n<!-- \/ Yoast SEO Premium plugin. -->","_links":{"self":[{"href":"https:\/\/sertalink.com\/fr\/wp-json\/wp\/v2\/pages\/15191","targetHints":{"allow":["GET"]}}],"collection":[{"href":"https:\/\/sertalink.com\/fr\/wp-json\/wp\/v2\/pages"}],"about":[{"href":"https:\/\/sertalink.com\/fr\/wp-json\/wp\/v2\/types\/page"}],"author":[{"embeddable":true,"href":"https:\/\/sertalink.com\/fr\/wp-json\/wp\/v2\/users\/1"}],"replies":[{"embeddable":true,"href":"https:\/\/sertalink.com\/fr\/wp-json\/wp\/v2\/comments?post=15191"}],"version-history":[{"count":23,"href":"https:\/\/sertalink.com\/fr\/wp-json\/wp\/v2\/pages\/15191\/revisions"}],"predecessor-version":[{"id":19530,"href":"https:\/\/sertalink.com\/fr\/wp-json\/wp\/v2\/pages\/15191\/revisions\/19530"}],"wp:attachment":[{"href":"https:\/\/sertalink.com\/fr\/wp-json\/wp\/v2\/media?parent=15191"}],"curies":[{"name":"wp","href":"https:\/\/api.w.org\/{rel}","templated":true}]}}